{"id":8277,"date":"2023-11-04T22:48:30","date_gmt":"2023-11-04T19:48:30","guid":{"rendered":"https:\/\/lp.minimalclub.com.br\/?page_id=8277"},"modified":"2023-11-23T23:49:42","modified_gmt":"2023-11-23T20:49:42","slug":"black-obrigado-redirect","status":"publish","type":"page","link":"https:\/\/lp.minimalclub.com.br\/index.php\/black-obrigado-redirect\/","title":{"rendered":"Voc\u00ea ser\u00e1 redirecionado em breve!"},"content":{"rendered":"\t\t<div data-elementor-type=\"wp-page\" data-elementor-id=\"8277\" class=\"elementor elementor-8277\" data-elementor-post-type=\"page\">\n\t\t\t\t<div class=\"elementor-element elementor-element-4abb433 e-flex e-con-boxed e-con e-parent\" data-id=\"4abb433\" data-element_type=\"container\" data-settings=\"{&quot;background_background&quot;:&quot;classic&quot;}\" data-e-bg-lazyload=\"\" data-core-v316-plus=\"true\">\n\t\t\t\t\t<div class=\"e-con-inner\">\n\t\t\t\t<div class=\"elementor-element elementor-element-83384aa exad-sticky-section-no exad-glass-effect-no elementor-widget elementor-widget-spacer\" data-id=\"83384aa\" data-element_type=\"widget\" data-widget_type=\"spacer.default\">\n\t\t\t\t<div class=\"elementor-widget-container\">\n\t\t\t<style>\/*! elementor - v3.20.0 - 26-03-2024 *\/\n.elementor-column .elementor-spacer-inner{height:var(--spacer-size)}.e-con{--container-widget-width:100%}.e-con-inner>.elementor-widget-spacer,.e-con>.elementor-widget-spacer{width:var(--container-widget-width,var(--spacer-size));--align-self:var(--container-widget-align-self,initial);--flex-shrink:0}.e-con-inner>.elementor-widget-spacer>.elementor-widget-container,.e-con>.elementor-widget-spacer>.elementor-widget-container{height:100%;width:100%}.e-con-inner>.elementor-widget-spacer>.elementor-widget-container>.elementor-spacer,.e-con>.elementor-widget-spacer>.elementor-widget-container>.elementor-spacer{height:100%}.e-con-inner>.elementor-widget-spacer>.elementor-widget-container>.elementor-spacer>.elementor-spacer-inner,.e-con>.elementor-widget-spacer>.elementor-widget-container>.elementor-spacer>.elementor-spacer-inner{height:var(--container-widget-height,var(--spacer-size))}.e-con-inner>.elementor-widget-spacer.elementor-widget-empty,.e-con>.elementor-widget-spacer.elementor-widget-empty{position:relative;min-height:22px;min-width:22px}.e-con-inner>.elementor-widget-spacer.elementor-widget-empty .elementor-widget-empty-icon,.e-con>.elementor-widget-spacer.elementor-widget-empty .elementor-widget-empty-icon{position:absolute;top:0;bottom:0;left:0;right:0;margin:auto;padding:0;width:22px;height:22px}<\/style>\t\t<div class=\"elementor-spacer\">\n\t\t\t<div class=\"elementor-spacer-inner\"><\/div>\n\t\t<\/div>\n\t\t\t\t<\/div>\n\t\t\t\t<\/div>\n\t\t\t\t<div class=\"elementor-element elementor-element-dd1b474 exad-sticky-section-no exad-glass-effect-no elementor-widget elementor-widget-image\" data-id=\"dd1b474\" data-element_type=\"widget\" data-widget_type=\"image.default\">\n\t\t\t\t<div class=\"elementor-widget-container\">\n\t\t\t<style>\/*! elementor - v3.20.0 - 26-03-2024 *\/\n.elementor-widget-image{text-align:center}.elementor-widget-image a{display:inline-block}.elementor-widget-image a img[src$=\".svg\"]{width:48px}.elementor-widget-image img{vertical-align:middle;display:inline-block}<\/style>\t\t\t\t\t\t\t\t\t\t<img fetchpriority=\"high\" decoding=\"async\" width=\"3184\" height=\"909\" src=\"https:\/\/lp.minimalclub.com.br\/wp-content\/uploads\/2023\/07\/Assinatura_Completa_MinimalClub_White_PNG.png\" class=\"attachment-full size-full wp-image-3548\" alt=\"\" srcset=\"https:\/\/lp.minimalclub.com.br\/wp-content\/uploads\/2023\/07\/Assinatura_Completa_MinimalClub_White_PNG.png 3184w, https:\/\/lp.minimalclub.com.br\/wp-content\/uploads\/2023\/07\/Assinatura_Completa_MinimalClub_White_PNG-300x86.png 300w, https:\/\/lp.minimalclub.com.br\/wp-content\/uploads\/2023\/07\/Assinatura_Completa_MinimalClub_White_PNG-1024x292.png 1024w, https:\/\/lp.minimalclub.com.br\/wp-content\/uploads\/2023\/07\/Assinatura_Completa_MinimalClub_White_PNG-768x219.png 768w, https:\/\/lp.minimalclub.com.br\/wp-content\/uploads\/2023\/07\/Assinatura_Completa_MinimalClub_White_PNG-1536x439.png 1536w, https:\/\/lp.minimalclub.com.br\/wp-content\/uploads\/2023\/07\/Assinatura_Completa_MinimalClub_White_PNG-2048x585.png 2048w\" sizes=\"(max-width: 3184px) 100vw, 3184px\" \/>\t\t\t\t\t\t\t\t\t\t\t\t\t<\/div>\n\t\t\t\t<\/div>\n\t\t\t\t<div class=\"elementor-element elementor-element-8077643 elementor-widget__width-inherit exad-sticky-section-no exad-glass-effect-no elementor-widget elementor-widget-image\" data-id=\"8077643\" data-element_type=\"widget\" data-widget_type=\"image.default\">\n\t\t\t\t<div class=\"elementor-widget-container\">\n\t\t\t\t\t\t\t\t\t\t\t\t\t<img decoding=\"async\" width=\"1252\" height=\"252\" src=\"https:\/\/lp.minimalclub.com.br\/wp-content\/uploads\/2023\/10\/4X-copiar-1.webp\" class=\"attachment-full size-full wp-image-7483\" alt=\"\" srcset=\"https:\/\/lp.minimalclub.com.br\/wp-content\/uploads\/2023\/10\/4X-copiar-1.webp 1252w, https:\/\/lp.minimalclub.com.br\/wp-content\/uploads\/2023\/10\/4X-copiar-1-300x60.webp 300w, https:\/\/lp.minimalclub.com.br\/wp-content\/uploads\/2023\/10\/4X-copiar-1-1024x206.webp 1024w, https:\/\/lp.minimalclub.com.br\/wp-content\/uploads\/2023\/10\/4X-copiar-1-768x155.webp 768w\" sizes=\"(max-width: 1252px) 100vw, 1252px\" \/>\t\t\t\t\t\t\t\t\t\t\t\t\t<\/div>\n\t\t\t\t<\/div>\n\t\t\t\t<div class=\"elementor-element elementor-element-1ef229b exad-sticky-section-no exad-glass-effect-no elementor-widget elementor-widget-heading\" data-id=\"1ef229b\" data-element_type=\"widget\" data-widget_type=\"heading.default\">\n\t\t\t\t<div class=\"elementor-widget-container\">\n\t\t\t<style>\/*! elementor - v3.20.0 - 26-03-2024 *\/\n.elementor-heading-title{padding:0;margin:0;line-height:1}.elementor-widget-heading .elementor-heading-title[class*=elementor-size-]>a{color:inherit;font-size:inherit;line-height:inherit}.elementor-widget-heading .elementor-heading-title.elementor-size-small{font-size:15px}.elementor-widget-heading .elementor-heading-title.elementor-size-medium{font-size:19px}.elementor-widget-heading .elementor-heading-title.elementor-size-large{font-size:29px}.elementor-widget-heading .elementor-heading-title.elementor-size-xl{font-size:39px}.elementor-widget-heading .elementor-heading-title.elementor-size-xxl{font-size:59px}<\/style><h1 class=\"elementor-heading-title elementor-size-default\">Falta apenas <span style=\"font-weight:700; color: #ff7e1c\">1 passo...<\/span><\/h1>\t\t<\/div>\n\t\t\t\t<\/div>\n\t\t<div class=\"elementor-element elementor-element-5981168 e-con-full e-flex e-con e-child\" data-id=\"5981168\" data-element_type=\"container\" data-settings=\"{&quot;background_background&quot;:&quot;classic&quot;}\">\n\t\t\t\t<div class=\"elementor-element elementor-element-3c315ec exad-sticky-section-no exad-glass-effect-no elementor-widget elementor-widget-text-editor\" data-id=\"3c315ec\" data-element_type=\"widget\" data-widget_type=\"text-editor.default\">\n\t\t\t\t<div class=\"elementor-widget-container\">\n\t\t\t<style>\/*! elementor - v3.20.0 - 26-03-2024 *\/\n.elementor-widget-text-editor.elementor-drop-cap-view-stacked .elementor-drop-cap{background-color:#69727d;color:#fff}.elementor-widget-text-editor.elementor-drop-cap-view-framed .elementor-drop-cap{color:#69727d;border:3px solid;background-color:transparent}.elementor-widget-text-editor:not(.elementor-drop-cap-view-default) .elementor-drop-cap{margin-top:8px}.elementor-widget-text-editor:not(.elementor-drop-cap-view-default) .elementor-drop-cap-letter{width:1em;height:1em}.elementor-widget-text-editor .elementor-drop-cap{float:left;text-align:center;line-height:1;font-size:50px}.elementor-widget-text-editor .elementor-drop-cap-letter{display:inline-block}<\/style>\t\t\t\t<h4><span style=\"font-weight: 500;\">Entre no Grupo VIP para receber a oferta!<\/span><\/h4>\nA condi\u00e7\u00e3o \u00e9 t\u00e3o exclusiva que s\u00f3 pode ser acessada pelo grupo!<br>\nClique no bot\u00e3o e entre!\t\t\t\t\t\t<\/div>\n\t\t\t\t<\/div>\n\t\t\t\t<div class=\"elementor-element elementor-element-fa26a13 elementor-align-center exad-sticky-section-no exad-glass-effect-no elementor-widget elementor-widget-button\" data-id=\"fa26a13\" data-element_type=\"widget\" data-widget_type=\"button.default\">\n\t\t\t\t<div class=\"elementor-widget-container\">\n\t\t\t\t\t<div class=\"elementor-button-wrapper\">\n\t\t\t<a class=\"elementor-button elementor-button-link elementor-size-lg elementor-animation-float\" href=\"https:\/\/chat.whatsapp.com\/JUosqqbT9jV5HApzeJtcXc\">\n\t\t\t\t\t\t<span class=\"elementor-button-content-wrapper\">\n\t\t\t\t\t\t<span class=\"elementor-button-text\">ENTRAR NO GRUPO VIP<\/span>\n\t\t<\/span>\n\t\t\t\t\t<\/a>\n\t\t<\/div>\n\t\t\t\t<\/div>\n\t\t\t\t<\/div>\n\t\t\t\t<div class=\"elementor-element elementor-element-95c370a exad-sticky-section-no exad-glass-effect-no elementor-widget elementor-widget-heading\" data-id=\"95c370a\" data-element_type=\"widget\" data-widget_type=\"heading.default\">\n\t\t\t\t<div class=\"elementor-widget-container\">\n\t\t\t<p class=\"elementor-heading-title elementor-size-default\">Voc\u00ea ser\u00e1 redirecionado para o grupo em:<\/p>\t\t<\/div>\n\t\t\t\t<\/div>\n\t\t\t\t<div class=\"elementor-element elementor-element-45a72c5 elementor-countdown--label-inline exad-sticky-section-no exad-glass-effect-no elementor-widget elementor-widget-countdown\" data-id=\"45a72c5\" data-element_type=\"widget\" data-widget_type=\"countdown.default\">\n\t\t\t\t<div class=\"elementor-widget-container\">\n\t\t\t<style>\/*! elementor-pro - v3.20.0 - 26-03-2024 *\/\n.elementor-widget-countdown .elementor-countdown-expire--message{display:none;padding:20px;text-align:center}.elementor-widget-countdown .elementor-countdown-wrapper{flex-direction:row}.elementor-widget-countdown .elementor-countdown-item{padding:20px 0;text-align:center;color:#fff}.elementor-widget-countdown .elementor-countdown-digits,.elementor-widget-countdown .elementor-countdown-label{line-height:1}.elementor-widget-countdown .elementor-countdown-digits{font-size:69px}.elementor-widget-countdown .elementor-countdown-label{font-size:19px}.elementor-widget-countdown.elementor-countdown--label-block .elementor-countdown-wrapper{display:flex;justify-content:center;margin-right:auto;margin-left:auto}.elementor-widget-countdown.elementor-countdown--label-block .elementor-countdown-digits,.elementor-widget-countdown.elementor-countdown--label-block .elementor-countdown-label{display:block}.elementor-widget-countdown.elementor-countdown--label-block .elementor-countdown-item{flex-basis:0;flex-grow:1}.elementor-widget-countdown.elementor-countdown--label-inline{text-align:center}.elementor-widget-countdown.elementor-countdown--label-inline .elementor-countdown-item{display:inline-block;padding-left:5px;padding-right:5px}<\/style>\t\t<div data-evergreen-interval=\"3.6\" data-expire-actions=\"[{&quot;type&quot;:&quot;redirect&quot;,&quot;redirect_url&quot;:&quot;https:\\\/\\\/chat.whatsapp.com\\\/JUosqqbT9jV5HApzeJtcXc&quot;}]\" class=\"elementor-countdown-wrapper\" data-date=\"\">\n\t\t\t<div class=\"elementor-countdown-item\"><span class=\"elementor-countdown-digits elementor-countdown-seconds\"><\/span><\/div>\t\t<\/div>\n\t\t\t\t<\/div>\n\t\t\t\t<\/div>\n\t\t\t\t<\/div>\n\t\t\t\t\t<\/div>\n\t\t\t\t<\/div>\n\t\t\t\t<section class=\"elementor-section elementor-top-section elementor-element elementor-element-4c96c2e9 elementor-section-height-min-height elementor-section-boxed elementor-section-height-default elementor-section-items-middle exad-glass-effect-no exad-sticky-section-no\" data-id=\"4c96c2e9\" data-element_type=\"section\" data-settings=\"{&quot;background_background&quot;:&quot;classic&quot;}\">\n\t\t\t\t\t\t<div class=\"elementor-container elementor-column-gap-default\">\n\t\t\t\t\t<div class=\"elementor-column elementor-col-100 elementor-top-column elementor-element elementor-element-118c506 exad-glass-effect-no exad-sticky-section-no\" data-id=\"118c506\" data-element_type=\"column\">\n\t\t\t<div class=\"elementor-widget-wrap elementor-element-populated\">\n\t\t\t\t\t\t<section class=\"elementor-section elementor-inner-section elementor-element elementor-element-13249e98 elementor-section-content-middle elementor-section-boxed elementor-section-height-default elementor-section-height-default exad-glass-effect-no exad-sticky-section-no\" data-id=\"13249e98\" data-element_type=\"section\">\n\t\t\t\t\t\t<div class=\"elementor-container elementor-column-gap-no\">\n\t\t\t\t\t<div class=\"elementor-column elementor-col-50 elementor-inner-column elementor-element elementor-element-884c155 exad-glass-effect-no exad-sticky-section-no\" data-id=\"884c155\" data-element_type=\"column\">\n\t\t\t<div class=\"elementor-widget-wrap elementor-element-populated\">\n\t\t\t\t\t\t<div class=\"elementor-element elementor-element-5396874c elementor-widget__width-inherit elementor-widget-mobile__width-inherit exad-sticky-section-no exad-glass-effect-no elementor-widget elementor-widget-image\" data-id=\"5396874c\" data-element_type=\"widget\" data-widget_type=\"image.default\">\n\t\t\t\t<div class=\"elementor-widget-container\">\n\t\t\t\t\t\t\t\t\t\t\t\t\t<img decoding=\"async\" width=\"1082\" height=\"305\" src=\"https:\/\/lp.minimalclub.com.br\/wp-content\/uploads\/2023\/07\/Ativo-1final.webp\" class=\"attachment-full size-full wp-image-3547\" alt=\"\" srcset=\"https:\/\/lp.minimalclub.com.br\/wp-content\/uploads\/2023\/07\/Ativo-1final.webp 1082w, https:\/\/lp.minimalclub.com.br\/wp-content\/uploads\/2023\/07\/Ativo-1final-300x85.webp 300w, https:\/\/lp.minimalclub.com.br\/wp-content\/uploads\/2023\/07\/Ativo-1final-1024x289.webp 1024w, https:\/\/lp.minimalclub.com.br\/wp-content\/uploads\/2023\/07\/Ativo-1final-768x216.webp 768w\" sizes=\"(max-width: 1082px) 100vw, 1082px\" \/>\t\t\t\t\t\t\t\t\t\t\t\t\t<\/div>\n\t\t\t\t<\/div>\n\t\t\t\t\t<\/div>\n\t\t<\/div>\n\t\t\t\t<div class=\"elementor-column elementor-col-50 elementor-inner-column elementor-element elementor-element-362e9031 exad-glass-effect-no exad-sticky-section-no\" data-id=\"362e9031\" data-element_type=\"column\">\n\t\t\t<div class=\"elementor-widget-wrap elementor-element-populated\">\n\t\t\t\t\t\t<div class=\"elementor-element elementor-element-6d07a010 elementor-widget__width-inherit elementor-widget-mobile__width-inherit exad-sticky-section-no exad-glass-effect-no elementor-widget elementor-widget-image\" data-id=\"6d07a010\" data-element_type=\"widget\" data-widget_type=\"image.default\">\n\t\t\t\t<div class=\"elementor-widget-container\">\n\t\t\t\t\t\t\t\t\t\t\t\t\t<img fetchpriority=\"high\" decoding=\"async\" width=\"3184\" height=\"909\" src=\"https:\/\/lp.minimalclub.com.br\/wp-content\/uploads\/2023\/07\/Assinatura_Completa_MinimalClub_White_PNG.png\" class=\"attachment-full size-full wp-image-3548\" alt=\"\" srcset=\"https:\/\/lp.minimalclub.com.br\/wp-content\/uploads\/2023\/07\/Assinatura_Completa_MinimalClub_White_PNG.png 3184w, https:\/\/lp.minimalclub.com.br\/wp-content\/uploads\/2023\/07\/Assinatura_Completa_MinimalClub_White_PNG-300x86.png 300w, https:\/\/lp.minimalclub.com.br\/wp-content\/uploads\/2023\/07\/Assinatura_Completa_MinimalClub_White_PNG-1024x292.png 1024w, https:\/\/lp.minimalclub.com.br\/wp-content\/uploads\/2023\/07\/Assinatura_Completa_MinimalClub_White_PNG-768x219.png 768w, https:\/\/lp.minimalclub.com.br\/wp-content\/uploads\/2023\/07\/Assinatura_Completa_MinimalClub_White_PNG-1536x439.png 1536w, https:\/\/lp.minimalclub.com.br\/wp-content\/uploads\/2023\/07\/Assinatura_Completa_MinimalClub_White_PNG-2048x585.png 2048w\" sizes=\"(max-width: 3184px) 100vw, 3184px\" \/>\t\t\t\t\t\t\t\t\t\t\t\t\t<\/div>\n\t\t\t\t<\/div>\n\t\t\t\t\t<\/div>\n\t\t<\/div>\n\t\t\t\t\t<\/div>\n\t\t<\/section>\n\t\t\t\t<div class=\"elementor-element elementor-element-3ccfa70e exad-sticky-section-no exad-glass-effect-no elementor-widget elementor-widget-heading\" data-id=\"3ccfa70e\" data-element_type=\"widget\" data-widget_type=\"heading.default\">\n\t\t\t\t<div class=\"elementor-widget-container\">\n\t\t\t<h6 class=\"elementor-heading-title elementor-size-default\">\u00a9 2023, Minimal Club. CNPJ: 42.034.830\/0001-80 | Rua Jaguar\u00e3o 325 bairro Bonfim. Belo Horizonte - MG CEP: 31.210-240 | atendimento@minimalclub.com.br\n<\/h6>\t\t<\/div>\n\t\t\t\t<\/div>\n\t\t\t\t<div class=\"elementor-element elementor-element-1948feed elementor-hidden-mobile exad-sticky-section-no exad-glass-effect-no elementor-widget elementor-widget-spacer\" data-id=\"1948feed\" data-element_type=\"widget\" data-widget_type=\"spacer.default\">\n\t\t\t\t<div class=\"elementor-widget-container\">\n\t\t\t\t\t<div class=\"elementor-spacer\">\n\t\t\t<div class=\"elementor-spacer-inner\"><\/div>\n\t\t<\/div>\n\t\t\t\t<\/div>\n\t\t\t\t<\/div>\n\t\t\t\t\t<\/div>\n\t\t<\/div>\n\t\t\t\t\t<\/div>\n\t\t<\/section>\n\t\t\t\t<\/div>\n\t\t","protected":false},"excerpt":{"rendered":"<p>Falta apenas 1 passo&#8230; Entre no Grupo VIP para receber a oferta! A condi\u00e7\u00e3o \u00e9 t\u00e3o exclusiva que s\u00f3 pode ser acessada pelo grupo! Clique no bot\u00e3o e entre! ENTRAR NO GRUPO VIP Voc\u00ea ser\u00e1 redirecionado para o grupo em: \u00a9 2023, Minimal Club. CNPJ: 42.034.830\/0001-80 | Rua Jaguar\u00e3o 325 bairro Bonfim. Belo Horizonte &#8211; [&hellip;]<\/p>\n","protected":false},"author":2,"featured_media":0,"parent":0,"menu_order":0,"comment_status":"closed","ping_status":"closed","template":"","meta":{"content-type":"","footnotes":""},"folder":[22],"_links":{"self":[{"href":"https:\/\/lp.minimalclub.com.br\/index.php\/wp-json\/wp\/v2\/pages\/8277"}],"collection":[{"href":"https:\/\/lp.minimalclub.com.br\/index.php\/wp-json\/wp\/v2\/pages"}],"about":[{"href":"https:\/\/lp.minimalclub.com.br\/index.php\/wp-json\/wp\/v2\/types\/page"}],"author":[{"embeddable":true,"href":"https:\/\/lp.minimalclub.com.br\/index.php\/wp-json\/wp\/v2\/users\/2"}],"replies":[{"embeddable":true,"href":"https:\/\/lp.minimalclub.com.br\/index.php\/wp-json\/wp\/v2\/comments?post=8277"}],"version-history":[{"count":62,"href":"https:\/\/lp.minimalclub.com.br\/index.php\/wp-json\/wp\/v2\/pages\/8277\/revisions"}],"predecessor-version":[{"id":9111,"href":"https:\/\/lp.minimalclub.com.br\/index.php\/wp-json\/wp\/v2\/pages\/8277\/revisions\/9111"}],"wp:attachment":[{"href":"https:\/\/lp.minimalclub.com.br\/index.php\/wp-json\/wp\/v2\/media?parent=8277"}],"wp:term":[{"taxonomy":"folder","embeddable":true,"href":"https:\/\/lp.minimalclub.com.br\/index.php\/wp-json\/wp\/v2\/folder?post=8277"}],"curies":[{"name":"wp","href":"https:\/\/api.w.org\/{rel}","templated":true}]}}