{"id":19792,"date":"2025-10-16T19:22:15","date_gmt":"2025-10-16T16:22:15","guid":{"rendered":"https:\/\/lp.minimalclub.com.br\/?page_id=19792"},"modified":"2026-02-12T16:31:55","modified_gmt":"2026-02-12T13:31:55","slug":"novos-clientes-2025-c","status":"publish","type":"page","link":"https:\/\/lp.minimalclub.com.br\/index.php\/novos-clientes-2025-c\/","title":{"rendered":"Novos Clientes 2025 &#8211; C"},"content":{"rendered":"\t\t<div data-elementor-type=\"wp-page\" data-elementor-id=\"19792\" class=\"elementor elementor-19792\" data-elementor-post-type=\"page\">\n\t\t\t\t<div class=\"elementor-element elementor-element-6d267f7 e-con-full e-flex e-con e-parent\" data-id=\"6d267f7\" data-element_type=\"container\" data-settings=\"{&quot;background_background&quot;:&quot;classic&quot;}\" data-core-v316-plus=\"true\">\n\t\t<div class=\"elementor-element elementor-element-0d54d62 e-flex e-con-boxed e-con e-child\" data-id=\"0d54d62\" data-element_type=\"container\" data-settings=\"{&quot;background_background&quot;:&quot;classic&quot;}\" data-e-bg-lazyload=\"\">\n\t\t\t\t\t<div class=\"e-con-inner\">\n\t\t<div class=\"elementor-element elementor-element-084bd1f e-con-full e-flex e-con e-child\" data-id=\"084bd1f\" data-element_type=\"container\" data-settings=\"{&quot;background_background&quot;:&quot;classic&quot;}\">\n\t\t\t\t<div class=\"elementor-element elementor-element-8974ed1 elementor-widget__width-initial exad-sticky-section-no exad-glass-effect-no elementor-widget elementor-widget-image\" data-id=\"8974ed1\" data-element_type=\"widget\" data-widget_type=\"image.default\">\n\t\t\t\t<div class=\"elementor-widget-container\">\n\t\t\t<style>\/*! elementor - v3.20.0 - 26-03-2024 *\/\n.elementor-widget-image{text-align:center}.elementor-widget-image a{display:inline-block}.elementor-widget-image a img[src$=\".svg\"]{width:48px}.elementor-widget-image img{vertical-align:middle;display:inline-block}<\/style>\t\t\t\t\t\t\t\t\t\t<img decoding=\"async\" width=\"337\" height=\"27\" src=\"https:\/\/lp.minimalclub.com.br\/wp-content\/uploads\/2025\/03\/Logo_Header_94582ed2-dc65-4f29-8e6a-3e2a2e96ba5b_1-1.svg\" class=\"attachment-full size-full wp-image-17367\" alt=\"\" \/>\t\t\t\t\t\t\t\t\t\t\t\t\t<\/div>\n\t\t\t\t<\/div>\n\t\t\t\t<div class=\"elementor-element elementor-element-30dc1b6 elementor-widget-mobile__width-initial animated-slow elementor-widget__width-initial exad-sticky-section-no exad-glass-effect-no elementor-widget elementor-widget-heading\" data-id=\"30dc1b6\" data-element_type=\"widget\" data-settings=\"{&quot;_animation&quot;:&quot;none&quot;,&quot;_animation_mobile&quot;:&quot;none&quot;}\" data-widget_type=\"heading.default\">\n\t\t\t\t<div class=\"elementor-widget-container\">\n\t\t\t<style>\/*! elementor - v3.20.0 - 26-03-2024 *\/\n.elementor-heading-title{padding:0;margin:0;line-height:1}.elementor-widget-heading .elementor-heading-title[class*=elementor-size-]>a{color:inherit;font-size:inherit;line-height:inherit}.elementor-widget-heading .elementor-heading-title.elementor-size-small{font-size:15px}.elementor-widget-heading .elementor-heading-title.elementor-size-medium{font-size:19px}.elementor-widget-heading .elementor-heading-title.elementor-size-large{font-size:29px}.elementor-widget-heading .elementor-heading-title.elementor-size-xl{font-size:39px}.elementor-widget-heading .elementor-heading-title.elementor-size-xxl{font-size:59px}<\/style><h2 class=\"elementor-heading-title elementor-size-default\"><span style=\"color: #000;\">GANHE<\/span> <span style=\"color: #ff7a00;\">+12% OFF NO SITE<\/span>\n<\/h2>\t\t<\/div>\n\t\t\t\t<\/div>\n\t\t\t\t<div class=\"elementor-element elementor-element-8a658e6 elementor-widget__width-initial animated-slow exad-sticky-section-no exad-glass-effect-no elementor-widget elementor-widget-heading\" data-id=\"8a658e6\" data-element_type=\"widget\" data-settings=\"{&quot;_animation&quot;:&quot;none&quot;,&quot;_animation_mobile&quot;:&quot;none&quot;}\" data-widget_type=\"heading.default\">\n\t\t\t\t<div class=\"elementor-widget-container\">\n\t\t\t<h2 class=\"elementor-heading-title elementor-size-default\">Receba em seu email um cupom exclusivo de desconto para sua primeira compra. Al\u00e9m de novidades, promo\u00e7\u00f5es e muito conte\u00fado sobre um estilo\nde vida mais simples e descomplicado!<\/h2>\t\t<\/div>\n\t\t\t\t<\/div>\n\t\t<div class=\"elementor-element elementor-element-ded1e4c e-con-full e-flex e-con e-child\" data-id=\"ded1e4c\" data-element_type=\"container\">\n\t\t\t\t<div class=\"exad-link-anything-wrapper elementor-element elementor-element-f2bda65 exad-sticky-section-no exad-glass-effect-no elementor-widget elementor-widget-html\" data-exad-element-link=\"{&quot;url&quot;:&quot;https:\\\/\\\/lp.minimalclub.com.br\\\/index.php\\\/novos-clientes-2025-c\\\/&quot;,&quot;is_external&quot;:&quot;&quot;,&quot;nofollow&quot;:&quot;&quot;,&quot;custom_attributes&quot;:&quot;&quot;}\" style=\"cursor: pointer\" data-id=\"f2bda65\" data-element_type=\"widget\" data-widget_type=\"html.default\">\n\t\t\t\t<div class=\"elementor-widget-container\">\n\t\t\t<script async type=\"text\/javascript\" src=\"https:\/\/static.klaviyo.com\/onsite\/js\/klaviyo.js?company_id=Vtc6LF\"><\/script>\n\n<div class=\"klaviyo-form-WgfNCj\" onclick=\"event.stopPropagation();\"><\/div>\n\n<script>\ndocument.addEventListener('DOMContentLoaded', function() {\n  const klaviyoForm = document.querySelector('.klaviyo-form-WgfNCj');\n  if (klaviyoForm) {\n    klaviyoForm.addEventListener('submit', function(e) {\n      e.preventDefault();\n      e.stopPropagation();\n    }, true);\n  }\n});\n<\/script>\t\t<\/div>\n\t\t\t\t<\/div>\n\t\t\t\t<\/div>\n\t\t\t\t<\/div>\n\t\t\t\t\t<\/div>\n\t\t\t\t<\/div>\n\t\t\t\t<\/div>\n\t\t\t\t<section class=\"elementor-section elementor-top-section elementor-element elementor-element-5385f74 elementor-section-boxed elementor-section-height-default elementor-section-height-default exad-glass-effect-no exad-sticky-section-no\" data-id=\"5385f74\" data-element_type=\"section\" data-settings=\"{&quot;background_background&quot;:&quot;classic&quot;}\">\n\t\t\t\t\t\t<div class=\"elementor-container elementor-column-gap-default\">\n\t\t\t\t\t<div class=\"elementor-column elementor-col-50 elementor-top-column elementor-element elementor-element-1c47ac9 exad-glass-effect-no exad-sticky-section-no\" data-id=\"1c47ac9\" data-element_type=\"column\">\n\t\t\t<div class=\"elementor-widget-wrap elementor-element-populated\">\n\t\t\t\t\t\t<div class=\"elementor-element elementor-element-72d1887 elementor-widget__width-initial exad-sticky-section-no exad-glass-effect-no elementor-widget elementor-widget-text-editor\" data-id=\"72d1887\" data-element_type=\"widget\" data-widget_type=\"text-editor.default\">\n\t\t\t\t<div class=\"elementor-widget-container\">\n\t\t\t<style>\/*! elementor - v3.20.0 - 26-03-2024 *\/\n.elementor-widget-text-editor.elementor-drop-cap-view-stacked .elementor-drop-cap{background-color:#69727d;color:#fff}.elementor-widget-text-editor.elementor-drop-cap-view-framed .elementor-drop-cap{color:#69727d;border:3px solid;background-color:transparent}.elementor-widget-text-editor:not(.elementor-drop-cap-view-default) .elementor-drop-cap{margin-top:8px}.elementor-widget-text-editor:not(.elementor-drop-cap-view-default) .elementor-drop-cap-letter{width:1em;height:1em}.elementor-widget-text-editor .elementor-drop-cap{float:left;text-align:center;line-height:1;font-size:50px}.elementor-widget-text-editor .elementor-drop-cap-letter{display:inline-block}<\/style>\t\t\t\t<p><\/p>\n<p><span style=\"color: #ffffff;\"><br><\/span><\/p><p><span style=\"color: #ffffff;\">MAIS INFORMA\u00c7\u00d5ES:<\/span><\/p>\n<p><\/p>\n<p><span style=\"color: #ffffff;\"><a class=\"footer-link\" style=\"color: #ffffff;\" href=\"https:\/\/minimalclub.com.br\/policies\/privacy-policy\">Pol\u00edtica de privacidade<\/a><\/span><\/p>\n<p><span style=\"color: #ffffff;\"><a class=\"footer-link\" style=\"color: #ffffff;\" href=\"https:\/\/minimalclub.com.br\/policies\/refund-policy\">Pol\u00edtica de trocas e devolu\u00e7\u00f5es<\/a><\/span><\/p>\n<p><span style=\"color: #ffffff;\"><a class=\"footer-link\" style=\"color: #ffffff;\" href=\"https:\/\/minimalclub.com.br\/policies\/shipping-policy\">Pol\u00edtica de frete<\/a><\/span><\/p>\n<p><span style=\"color: #ffffff;\"><a class=\"footer-link\" style=\"color: #ffffff;\" href=\"https:\/\/minimalclub.com.br\/policies\/terms-of-service\">Termos de servi\u00e7o<\/a><\/span><\/p>\n<p><span style=\"color: #ffffff;\"><a class=\"footer-link\" style=\"color: #ffffff;\" href=\"https:\/\/minimalclub.com.br\/pages\/quem-somos\">Quem somos n\u00f3s<\/a><\/span><\/p>\n<p><span style=\"color: #ffffff;\"><a class=\"footer-link\" style=\"color: #ffffff;\" href=\"https:\/\/minimalclub.com.br\/pages\/programa-de-indicacao\">Ganhe 1 Camiseta<\/a><\/span><\/p>\t\t\t\t\t\t<\/div>\n\t\t\t\t<\/div>\n\t\t\t\t\t<\/div>\n\t\t<\/div>\n\t\t\t\t<div class=\"elementor-column elementor-col-50 elementor-top-column elementor-element elementor-element-b8e3afa exad-glass-effect-no exad-sticky-section-no\" data-id=\"b8e3afa\" data-element_type=\"column\">\n\t\t\t<div class=\"elementor-widget-wrap elementor-element-populated\">\n\t\t\t\t\t\t<section class=\"elementor-section elementor-inner-section elementor-element elementor-element-5356473 elementor-section-boxed elementor-section-height-default elementor-section-height-default exad-glass-effect-no exad-sticky-section-no\" data-id=\"5356473\" data-element_type=\"section\">\n\t\t\t\t\t\t<div class=\"elementor-container elementor-column-gap-default\">\n\t\t\t\t\t<div class=\"elementor-column elementor-col-50 elementor-inner-column elementor-element elementor-element-d1fc387 exad-glass-effect-no exad-sticky-section-no\" data-id=\"d1fc387\" data-element_type=\"column\">\n\t\t\t<div class=\"elementor-widget-wrap elementor-element-populated\">\n\t\t\t\t\t\t<div class=\"elementor-element elementor-element-8ace101 exad-sticky-section-no exad-glass-effect-no elementor-widget elementor-widget-text-editor\" data-id=\"8ace101\" data-element_type=\"widget\" data-widget_type=\"text-editor.default\">\n\t\t\t\t<div class=\"elementor-widget-container\">\n\t\t\t\t\t\t\t<p>\u00a0<\/p><p class=\"footer-title h5\">CONDI\u00c7\u00d5ES DE FRETE.<\/p><div class=\"rte\"><p>* Frete gr\u00e1tis v\u00e1lido para as regi\u00f5es Sul, Sudeste, Centro-Oeste e Nordeste.<\/p><\/div>\t\t\t\t\t\t<\/div>\n\t\t\t\t<\/div>\n\t\t\t\t\t<\/div>\n\t\t<\/div>\n\t\t\t\t<div class=\"elementor-column elementor-col-50 elementor-inner-column elementor-element elementor-element-c1283b3 exad-glass-effect-no exad-sticky-section-no\" data-id=\"c1283b3\" data-element_type=\"column\">\n\t\t\t<div class=\"elementor-widget-wrap elementor-element-populated\">\n\t\t\t\t\t\t<div class=\"elementor-element elementor-element-1340e0b exad-sticky-section-no exad-glass-effect-no elementor-widget elementor-widget-text-editor\" data-id=\"1340e0b\" data-element_type=\"widget\" data-widget_type=\"text-editor.default\">\n\t\t\t\t<div class=\"elementor-widget-container\">\n\t\t\t\t\t\t\t<div class=\"footer-title h5\"><br><\/div>\n<div class=\"footer-title h5\">FA\u00c7A PARTE DO CLUBE!<br><\/div>\n<div class=\"rte\">\n<p>Receba conte\u00fado sobre inova\u00e7\u00e3o, empreendedorismo, investimentos e filosofia no seu e-mail. Al\u00e9m de muita oferta boa tamb\u00e9m!<\/p>\n<\/div>\t\t\t\t\t\t<\/div>\n\t\t\t\t<\/div>\n\t\t\t\t\t<\/div>\n\t\t<\/div>\n\t\t\t\t\t<\/div>\n\t\t<\/section>\n\t\t\t\t\t<\/div>\n\t\t<\/div>\n\t\t\t\t\t<\/div>\n\t\t<\/section>\n\t\t\t\t<section class=\"elementor-section elementor-top-section elementor-element elementor-element-0493faf elementor-section-boxed elementor-section-height-default elementor-section-height-default exad-glass-effect-no exad-sticky-section-no\" data-id=\"0493faf\" data-element_type=\"section\" data-settings=\"{&quot;background_background&quot;:&quot;classic&quot;}\">\n\t\t\t\t\t\t<div class=\"elementor-container elementor-column-gap-default\">\n\t\t\t\t\t<div class=\"elementor-column elementor-col-33 elementor-top-column elementor-element elementor-element-3a2e045 exad-glass-effect-no exad-sticky-section-no\" data-id=\"3a2e045\" data-element_type=\"column\">\n\t\t\t<div class=\"elementor-widget-wrap elementor-element-populated\">\n\t\t\t\t\t\t<div class=\"elementor-element elementor-element-1fa4ee4 elementor-widget__width-initial elementor-view-default exad-sticky-section-no exad-glass-effect-no elementor-widget elementor-widget-icon\" data-id=\"1fa4ee4\" data-element_type=\"widget\" data-widget_type=\"icon.default\">\n\t\t\t\t<div class=\"elementor-widget-container\">\n\t\t\t\t\t<div class=\"elementor-icon-wrapper\">\n\t\t\t<a class=\"elementor-icon\" href=\"https:\/\/www.facebook.com\/minimalclub.br\/?ref=pages_you_manage\">\n\t\t\t<i aria-hidden=\"true\" class=\"fab fa-facebook\"><\/i>\t\t\t<\/a>\n\t\t<\/div>\n\t\t\t\t<\/div>\n\t\t\t\t<\/div>\n\t\t\t\t\t<\/div>\n\t\t<\/div>\n\t\t\t\t<div class=\"elementor-column elementor-col-33 elementor-top-column elementor-element elementor-element-4feb40d exad-glass-effect-no exad-sticky-section-no\" data-id=\"4feb40d\" data-element_type=\"column\">\n\t\t\t<div class=\"elementor-widget-wrap elementor-element-populated\">\n\t\t\t\t\t\t<div class=\"elementor-element elementor-element-8fb731b elementor-widget__width-initial elementor-view-default exad-sticky-section-no exad-glass-effect-no elementor-widget elementor-widget-icon\" data-id=\"8fb731b\" data-element_type=\"widget\" data-widget_type=\"icon.default\">\n\t\t\t\t<div class=\"elementor-widget-container\">\n\t\t\t\t\t<div class=\"elementor-icon-wrapper\">\n\t\t\t<a class=\"elementor-icon\" href=\"https:\/\/www.instagram.com\/minimalclub.br\/\">\n\t\t\t<i aria-hidden=\"true\" class=\"fab fa-instagram\"><\/i>\t\t\t<\/a>\n\t\t<\/div>\n\t\t\t\t<\/div>\n\t\t\t\t<\/div>\n\t\t\t\t\t<\/div>\n\t\t<\/div>\n\t\t\t\t<div class=\"elementor-column elementor-col-33 elementor-top-column elementor-element elementor-element-3afea1f exad-glass-effect-no exad-sticky-section-no\" data-id=\"3afea1f\" data-element_type=\"column\">\n\t\t\t<div class=\"elementor-widget-wrap elementor-element-populated\">\n\t\t\t\t\t\t<div class=\"elementor-element elementor-element-00e5e16 elementor-widget__width-initial elementor-view-default exad-sticky-section-no exad-glass-effect-no elementor-widget elementor-widget-icon\" data-id=\"00e5e16\" data-element_type=\"widget\" data-widget_type=\"icon.default\">\n\t\t\t\t<div class=\"elementor-widget-container\">\n\t\t\t\t\t<div class=\"elementor-icon-wrapper\">\n\t\t\t<a class=\"elementor-icon\" href=\"https:\/\/www.youtube.com\/channel\/UCe_DxtpLfPBZNWzkf_B5G2g\">\n\t\t\t<i aria-hidden=\"true\" class=\"fab fa-youtube\"><\/i>\t\t\t<\/a>\n\t\t<\/div>\n\t\t\t\t<\/div>\n\t\t\t\t<\/div>\n\t\t\t\t\t<\/div>\n\t\t<\/div>\n\t\t\t\t\t<\/div>\n\t\t<\/section>\n\t\t\t\t<\/div>\n\t\t","protected":false},"excerpt":{"rendered":"<p>GANHE +12% OFF NO SITE Receba em seu email um cupom exclusivo de desconto para sua primeira compra. Al\u00e9m de novidades, promo\u00e7\u00f5es e muito conte\u00fado sobre um estilo de vida mais simples e descomplicado! MAIS INFORMA\u00c7\u00d5ES: Pol\u00edtica de privacidade Pol\u00edtica de trocas e devolu\u00e7\u00f5es Pol\u00edtica de frete Termos de servi\u00e7o Quem somos n\u00f3s Ganhe 1 [&hellip;]<\/p>\n","protected":false},"author":1,"featured_media":0,"parent":0,"menu_order":0,"comment_status":"closed","ping_status":"closed","template":"elementor_canvas","meta":{"content-type":"","footnotes":""},"folder":[],"_links":{"self":[{"href":"https:\/\/lp.minimalclub.com.br\/index.php\/wp-json\/wp\/v2\/pages\/19792"}],"collection":[{"href":"https:\/\/lp.minimalclub.com.br\/index.php\/wp-json\/wp\/v2\/pages"}],"about":[{"href":"https:\/\/lp.minimalclub.com.br\/index.php\/wp-json\/wp\/v2\/types\/page"}],"author":[{"embeddable":true,"href":"https:\/\/lp.minimalclub.com.br\/index.php\/wp-json\/wp\/v2\/users\/1"}],"replies":[{"embeddable":true,"href":"https:\/\/lp.minimalclub.com.br\/index.php\/wp-json\/wp\/v2\/comments?post=19792"}],"version-history":[{"count":59,"href":"https:\/\/lp.minimalclub.com.br\/index.php\/wp-json\/wp\/v2\/pages\/19792\/revisions"}],"predecessor-version":[{"id":20510,"href":"https:\/\/lp.minimalclub.com.br\/index.php\/wp-json\/wp\/v2\/pages\/19792\/revisions\/20510"}],"wp:attachment":[{"href":"https:\/\/lp.minimalclub.com.br\/index.php\/wp-json\/wp\/v2\/media?parent=19792"}],"wp:term":[{"taxonomy":"folder","embeddable":true,"href":"https:\/\/lp.minimalclub.com.br\/index.php\/wp-json\/wp\/v2\/folder?post=19792"}],"curies":[{"name":"wp","href":"https:\/\/api.w.org\/{rel}","templated":true}]}}