{"id":19599,"date":"2025-08-13T21:15:22","date_gmt":"2025-08-13T18:15:22","guid":{"rendered":"https:\/\/lp.minimalclub.com.br\/?page_id=19599"},"modified":"2025-08-21T01:24:36","modified_gmt":"2025-08-20T22:24:36","slug":"welcome-minimal-club","status":"publish","type":"page","link":"https:\/\/lp.minimalclub.com.br\/index.php\/welcome-minimal-club\/","title":{"rendered":"WELCOME- MINIMAL CLUB"},"content":{"rendered":"\t\t<div data-elementor-type=\"wp-page\" data-elementor-id=\"19599\" class=\"elementor elementor-19599\" data-elementor-post-type=\"page\">\n\t\t\t\t<div class=\"elementor-element elementor-element-ce2f993 e-flex e-con-boxed e-con e-parent\" data-id=\"ce2f993\" data-element_type=\"container\" data-settings=\"{&quot;background_background&quot;:&quot;classic&quot;}\" data-core-v316-plus=\"true\">\n\t\t\t\t\t<div class=\"e-con-inner\">\n\t\t<div class=\"elementor-element elementor-element-9404bcc e-con-full e-flex e-con e-child\" data-id=\"9404bcc\" data-element_type=\"container\">\n\t\t\t\t<div class=\"elementor-element elementor-element-0044813 exad-sticky-section-no exad-glass-effect-no elementor-widget elementor-widget-image\" data-id=\"0044813\" data-element_type=\"widget\" data-widget_type=\"image.default\">\n\t\t\t\t<div class=\"elementor-widget-container\">\n\t\t\t<style>\/*! elementor - v3.20.0 - 26-03-2024 *\/\n.elementor-widget-image{text-align:center}.elementor-widget-image a{display:inline-block}.elementor-widget-image a img[src$=\".svg\"]{width:48px}.elementor-widget-image img{vertical-align:middle;display:inline-block}<\/style>\t\t\t\t\t\t\t\t\t\t<img decoding=\"async\" width=\"338\" height=\"27\" src=\"https:\/\/lp.minimalclub.com.br\/wp-content\/uploads\/2025\/02\/Logo_Header_94582ed2-dc65-4f29-8e6a-3e2a2e96ba5b_1.webp\" class=\"attachment-large size-large wp-image-16962\" alt=\"\" srcset=\"https:\/\/lp.minimalclub.com.br\/wp-content\/uploads\/2025\/02\/Logo_Header_94582ed2-dc65-4f29-8e6a-3e2a2e96ba5b_1.webp 338w, https:\/\/lp.minimalclub.com.br\/wp-content\/uploads\/2025\/02\/Logo_Header_94582ed2-dc65-4f29-8e6a-3e2a2e96ba5b_1-300x24.webp 300w\" sizes=\"(max-width: 338px) 100vw, 338px\" \/>\t\t\t\t\t\t\t\t\t\t\t\t\t<\/div>\n\t\t\t\t<\/div>\n\t\t\t\t<\/div>\n\t\t<div class=\"elementor-element elementor-element-f677655 e-con-full e-flex e-con e-child\" data-id=\"f677655\" data-element_type=\"container\">\n\t\t\t\t<div class=\"elementor-element elementor-element-d900eae elementor-hidden-mobile exad-sticky-section-no exad-glass-effect-no elementor-widget elementor-widget-heading\" data-id=\"d900eae\" data-element_type=\"widget\" data-widget_type=\"heading.default\">\n\t\t\t\t<div class=\"elementor-widget-container\">\n\t\t\t<style>\/*! elementor - v3.20.0 - 26-03-2024 *\/\n.elementor-heading-title{padding:0;margin:0;line-height:1}.elementor-widget-heading .elementor-heading-title[class*=elementor-size-]>a{color:inherit;font-size:inherit;line-height:inherit}.elementor-widget-heading .elementor-heading-title.elementor-size-small{font-size:15px}.elementor-widget-heading .elementor-heading-title.elementor-size-medium{font-size:19px}.elementor-widget-heading .elementor-heading-title.elementor-size-large{font-size:29px}.elementor-widget-heading .elementor-heading-title.elementor-size-xl{font-size:39px}.elementor-widget-heading .elementor-heading-title.elementor-size-xxl{font-size:59px}<\/style><h2 class=\"elementor-heading-title elementor-size-default\">DESCONTO V\u00c1LIDO POR:<\/h2>\t\t<\/div>\n\t\t\t\t<\/div>\n\t\t\t\t<div class=\"elementor-element elementor-element-063b0e5 elementor-countdown--label-block exad-sticky-section-no exad-glass-effect-no elementor-widget elementor-widget-countdown\" data-id=\"063b0e5\" data-element_type=\"widget\" data-widget_type=\"countdown.default\">\n\t\t\t\t<div class=\"elementor-widget-container\">\n\t\t\t<style>\/*! elementor-pro - v3.20.0 - 26-03-2024 *\/\n.elementor-widget-countdown .elementor-countdown-expire--message{display:none;padding:20px;text-align:center}.elementor-widget-countdown .elementor-countdown-wrapper{flex-direction:row}.elementor-widget-countdown .elementor-countdown-item{padding:20px 0;text-align:center;color:#fff}.elementor-widget-countdown .elementor-countdown-digits,.elementor-widget-countdown .elementor-countdown-label{line-height:1}.elementor-widget-countdown .elementor-countdown-digits{font-size:69px}.elementor-widget-countdown .elementor-countdown-label{font-size:19px}.elementor-widget-countdown.elementor-countdown--label-block .elementor-countdown-wrapper{display:flex;justify-content:center;margin-right:auto;margin-left:auto}.elementor-widget-countdown.elementor-countdown--label-block .elementor-countdown-digits,.elementor-widget-countdown.elementor-countdown--label-block .elementor-countdown-label{display:block}.elementor-widget-countdown.elementor-countdown--label-block .elementor-countdown-item{flex-basis:0;flex-grow:1}.elementor-widget-countdown.elementor-countdown--label-inline{text-align:center}.elementor-widget-countdown.elementor-countdown--label-inline .elementor-countdown-item{display:inline-block;padding-left:5px;padding-right:5px}<\/style>\t\t<div data-evergreen-interval=\"8100\" class=\"elementor-countdown-wrapper\" data-date=\"\">\n\t\t\t<div class=\"elementor-countdown-item\"><span class=\"elementor-countdown-digits elementor-countdown-minutes\"><\/span> <span class=\"elementor-countdown-label\">MIN<\/span><\/div><div class=\"elementor-countdown-item\"><span class=\"elementor-countdown-digits elementor-countdown-seconds\"><\/span> <span class=\"elementor-countdown-label\">SEG<\/span><\/div>\t\t<\/div>\n\t\t\t\t<\/div>\n\t\t\t\t<\/div>\n\t\t\t\t<\/div>\n\t\t\t\t\t<\/div>\n\t\t\t\t<\/div>\n\t\t<div class=\"elementor-element elementor-element-7f41bbc e-con-full e-flex e-con e-parent\" data-id=\"7f41bbc\" data-element_type=\"container\" data-core-v316-plus=\"true\">\n\t\t\t\t<div class=\"elementor-element elementor-element-d65fb8e elementor-widget-mobile__width-initial exad-sticky-section-no exad-glass-effect-no elementor-widget elementor-widget-heading\" data-id=\"d65fb8e\" data-element_type=\"widget\" data-widget_type=\"heading.default\">\n\t\t\t\t<div class=\"elementor-widget-container\">\n\t\t\t<h2 class=\"elementor-heading-title elementor-size-default\">Voc\u00ea est\u00e1 a apenas um clique de economizar na sua primeira compra! <br\/>Cadastre-se agora e receba imediatamente um cupom de 12% OFF <br\/>v\u00e1lido para TODOS os produtos da nossa loja.\n<\/h2>\t\t<\/div>\n\t\t\t\t<\/div>\n\t\t\t\t<div class=\"elementor-element elementor-element-bb5f1f1 elementor-widget__width-initial elementor-widget-mobile__width-initial exad-sticky-section-no exad-glass-effect-no elementor-widget elementor-widget-html\" data-id=\"bb5f1f1\" data-element_type=\"widget\" data-widget_type=\"html.default\">\n\t\t\t\t<div class=\"elementor-widget-container\">\n\t\t\t<script charset=\"utf-8\" type=\"text\/javascript\" src=\"\/\/js.hsforms.net\/forms\/embed\/v2.js\"><\/script>\r\n<script>\r\n  hbspt.forms.create({\r\n    region: \"na1\",\r\n    portalId: \"21708321\",\r\n    formId: \"859a6de6-2150-4c15-959c-ab9e95037114\"\r\n  });\r\n<\/script>\t\t<\/div>\n\t\t\t\t<\/div>\n\t\t\t\t<\/div>\n\t\t<div class=\"elementor-element elementor-element-31a4e4c e-con-full e-flex e-con e-parent\" data-id=\"31a4e4c\" data-element_type=\"container\" data-core-v316-plus=\"true\">\n\t\t\t\t<div class=\"elementor-element elementor-element-e6b926c elementor-arrows-position-inside exad-sticky-section-no exad-glass-effect-no elementor-widget elementor-widget-image-carousel\" data-id=\"e6b926c\" data-element_type=\"widget\" data-settings=\"{&quot;slides_to_show&quot;:&quot;6&quot;,&quot;navigation&quot;:&quot;arrows&quot;,&quot;lazyload&quot;:&quot;yes&quot;,&quot;autoplay_speed&quot;:10,&quot;speed&quot;:5000,&quot;image_spacing_custom&quot;:{&quot;unit&quot;:&quot;px&quot;,&quot;size&quot;:40,&quot;sizes&quot;:[]},&quot;autoplay&quot;:&quot;yes&quot;,&quot;pause_on_interaction&quot;:&quot;yes&quot;,&quot;infinite&quot;:&quot;yes&quot;,&quot;image_spacing_custom_tablet&quot;:{&quot;unit&quot;:&quot;px&quot;,&quot;size&quot;:&quot;&quot;,&quot;sizes&quot;:[]},&quot;image_spacing_custom_mobile&quot;:{&quot;unit&quot;:&quot;px&quot;,&quot;size&quot;:&quot;&quot;,&quot;sizes&quot;:[]}}\" data-widget_type=\"image-carousel.default\">\n\t\t\t\t<div class=\"elementor-widget-container\">\n\t\t\t<style>\/*! elementor - v3.20.0 - 26-03-2024 *\/\n.elementor-widget-image-carousel .swiper,.elementor-widget-image-carousel .swiper-container{position:static}.elementor-widget-image-carousel .swiper-container .swiper-slide figure,.elementor-widget-image-carousel .swiper .swiper-slide figure{line-height:inherit}.elementor-widget-image-carousel .swiper-slide{text-align:center}.elementor-image-carousel-wrapper:not(.swiper-container-initialized):not(.swiper-initialized) .swiper-slide{max-width:calc(100% \/ var(--e-image-carousel-slides-to-show, 3))}<\/style>\t\t<div class=\"elementor-image-carousel-wrapper swiper\" dir=\"ltr\">\n\t\t\t<div class=\"elementor-image-carousel swiper-wrapper swiper-image-stretch\" aria-live=\"off\">\n\t\t\t\t\t\t\t\t<div class=\"swiper-slide\" role=\"group\" aria-roledescription=\"slide\" aria-label=\"1 of 11\"><figure class=\"swiper-slide-inner\"><img class=\"swiper-slide-image swiper-lazy\" data-src=\"https:\/\/lp.minimalclub.com.br\/wp-content\/uploads\/2025\/08\/Frame-482728.png\" alt=\"Frame 482728\" \/><div class=\"swiper-lazy-preloader\"><\/div><\/figure><\/div><div class=\"swiper-slide\" role=\"group\" aria-roledescription=\"slide\" aria-label=\"2 of 11\"><figure class=\"swiper-slide-inner\"><img class=\"swiper-slide-image swiper-lazy\" data-src=\"https:\/\/lp.minimalclub.com.br\/wp-content\/uploads\/2025\/08\/Frame-482727.png\" alt=\"Frame 482727\" \/><div class=\"swiper-lazy-preloader\"><\/div><\/figure><\/div><div class=\"swiper-slide\" role=\"group\" aria-roledescription=\"slide\" aria-label=\"3 of 11\"><figure class=\"swiper-slide-inner\"><img class=\"swiper-slide-image swiper-lazy\" data-src=\"https:\/\/lp.minimalclub.com.br\/wp-content\/uploads\/2025\/08\/Frame-482726.png\" alt=\"Frame 482726\" \/><div class=\"swiper-lazy-preloader\"><\/div><\/figure><\/div><div class=\"swiper-slide\" role=\"group\" aria-roledescription=\"slide\" aria-label=\"4 of 11\"><figure class=\"swiper-slide-inner\"><img class=\"swiper-slide-image swiper-lazy\" data-src=\"https:\/\/lp.minimalclub.com.br\/wp-content\/uploads\/2025\/08\/Frame-482725.png\" alt=\"Frame 482725\" \/><div class=\"swiper-lazy-preloader\"><\/div><\/figure><\/div><div class=\"swiper-slide\" role=\"group\" aria-roledescription=\"slide\" aria-label=\"5 of 11\"><figure class=\"swiper-slide-inner\"><img class=\"swiper-slide-image swiper-lazy\" data-src=\"https:\/\/lp.minimalclub.com.br\/wp-content\/uploads\/2025\/08\/Frame-482722.png\" alt=\"Frame 482722\" \/><div class=\"swiper-lazy-preloader\"><\/div><\/figure><\/div><div class=\"swiper-slide\" role=\"group\" aria-roledescription=\"slide\" aria-label=\"6 of 11\"><figure class=\"swiper-slide-inner\"><img class=\"swiper-slide-image swiper-lazy\" data-src=\"https:\/\/lp.minimalclub.com.br\/wp-content\/uploads\/2025\/08\/Frame-482721.png\" alt=\"Frame 482721\" \/><div class=\"swiper-lazy-preloader\"><\/div><\/figure><\/div><div class=\"swiper-slide\" role=\"group\" aria-roledescription=\"slide\" aria-label=\"7 of 11\"><figure class=\"swiper-slide-inner\"><img class=\"swiper-slide-image swiper-lazy\" data-src=\"https:\/\/lp.minimalclub.com.br\/wp-content\/uploads\/2025\/08\/Frame-482720.png\" alt=\"Frame 482720\" \/><div class=\"swiper-lazy-preloader\"><\/div><\/figure><\/div><div class=\"swiper-slide\" role=\"group\" aria-roledescription=\"slide\" aria-label=\"8 of 11\"><figure class=\"swiper-slide-inner\"><img class=\"swiper-slide-image swiper-lazy\" data-src=\"https:\/\/lp.minimalclub.com.br\/wp-content\/uploads\/2025\/08\/Frame-482719.png\" alt=\"Frame 482719\" \/><div class=\"swiper-lazy-preloader\"><\/div><\/figure><\/div><div class=\"swiper-slide\" role=\"group\" aria-roledescription=\"slide\" aria-label=\"9 of 11\"><figure class=\"swiper-slide-inner\"><img class=\"swiper-slide-image swiper-lazy\" data-src=\"https:\/\/lp.minimalclub.com.br\/wp-content\/uploads\/2025\/08\/Frame-482718.png\" alt=\"Frame 482718\" \/><div class=\"swiper-lazy-preloader\"><\/div><\/figure><\/div><div class=\"swiper-slide\" role=\"group\" aria-roledescription=\"slide\" aria-label=\"10 of 11\"><figure class=\"swiper-slide-inner\"><img class=\"swiper-slide-image swiper-lazy\" data-src=\"https:\/\/lp.minimalclub.com.br\/wp-content\/uploads\/2025\/08\/Frame-482717.png\" alt=\"Frame 482717\" \/><div class=\"swiper-lazy-preloader\"><\/div><\/figure><\/div><div class=\"swiper-slide\" role=\"group\" aria-roledescription=\"slide\" aria-label=\"11 of 11\"><figure class=\"swiper-slide-inner\"><img class=\"swiper-slide-image swiper-lazy\" data-src=\"https:\/\/lp.minimalclub.com.br\/wp-content\/uploads\/2025\/08\/Frame-482716.png\" alt=\"Frame 482716\" \/><div class=\"swiper-lazy-preloader\"><\/div><\/figure><\/div>\t\t\t<\/div>\n\t\t\t\t\t\t\t\t\t\t\t\t<div class=\"elementor-swiper-button elementor-swiper-button-prev\" role=\"button\" tabindex=\"0\">\n\t\t\t\t\t\t<i aria-hidden=\"true\" class=\"eicon-chevron-left\"><\/i>\t\t\t\t\t<\/div>\n\t\t\t\t\t<div class=\"elementor-swiper-button elementor-swiper-button-next\" role=\"button\" tabindex=\"0\">\n\t\t\t\t\t\t<i aria-hidden=\"true\" class=\"eicon-chevron-right\"><\/i>\t\t\t\t\t<\/div>\n\t\t\t\t\n\t\t\t\t\t\t\t\t\t<\/div>\n\t\t\t\t<\/div>\n\t\t\t\t<\/div>\n\t\t\t\t<div class=\"elementor-element elementor-element-98cc0b8 exad-sticky-section-no exad-glass-effect-no elementor-widget elementor-widget-text-editor\" data-id=\"98cc0b8\" data-element_type=\"widget\" data-widget_type=\"text-editor.default\">\n\t\t\t\t<div class=\"elementor-widget-container\">\n\t\t\t<style>\/*! elementor - v3.20.0 - 26-03-2024 *\/\n.elementor-widget-text-editor.elementor-drop-cap-view-stacked .elementor-drop-cap{background-color:#69727d;color:#fff}.elementor-widget-text-editor.elementor-drop-cap-view-framed .elementor-drop-cap{color:#69727d;border:3px solid;background-color:transparent}.elementor-widget-text-editor:not(.elementor-drop-cap-view-default) .elementor-drop-cap{margin-top:8px}.elementor-widget-text-editor:not(.elementor-drop-cap-view-default) .elementor-drop-cap-letter{width:1em;height:1em}.elementor-widget-text-editor .elementor-drop-cap{float:left;text-align:center;line-height:1;font-size:50px}.elementor-widget-text-editor .elementor-drop-cap-letter{display:inline-block}<\/style>\t\t\t\t\t\t\t\t\t\t<\/div>\n\t\t\t\t<\/div>\n\t\t\t\t<\/div>\n\t\t<div class=\"elementor-element elementor-element-dc1fb3e e-con-full e-flex e-con e-parent\" data-id=\"dc1fb3e\" data-element_type=\"container\" data-core-v316-plus=\"true\">\n\t\t<div class=\"elementor-element elementor-element-407a4a7 e-con-full e-flex e-con e-child\" data-id=\"407a4a7\" data-element_type=\"container\">\n\t\t\t\t<div class=\"elementor-element elementor-element-4c79832 elementor-widget-mobile__width-inherit exad-sticky-section-no exad-glass-effect-no elementor-widget elementor-widget-heading\" data-id=\"4c79832\" data-element_type=\"widget\" data-widget_type=\"heading.default\">\n\t\t\t\t<div class=\"elementor-widget-container\">\n\t\t\t<h2 class=\"elementor-heading-title elementor-size-default\">APROVEITE SEU CUPOM<\/h2>\t\t<\/div>\n\t\t\t\t<\/div>\n\t\t\t\t<div class=\"elementor-element elementor-element-1ad8205 exad-sticky-section-no exad-glass-effect-no elementor-widget elementor-widget-text-editor\" data-id=\"1ad8205\" data-element_type=\"widget\" data-widget_type=\"text-editor.default\">\n\t\t\t\t<div class=\"elementor-widget-container\">\n\t\t\t\t\t\t\t<p>nos melhores produtos do mundo e n\u00e3o s\u00f3 uma marca no peito. Pois n\u00f3s acreditamos que nenhuma marca pode definir quem voc\u00ea \u00e9<\/p>\t\t\t\t\t\t<\/div>\n\t\t\t\t<\/div>\n\t\t\t\t<\/div>\n\t\t<div class=\"elementor-element elementor-element-a3b4927 e-con-full e-flex e-con e-child\" data-id=\"a3b4927\" data-element_type=\"container\">\n\t\t\t\t<div class=\"elementor-element elementor-element-8cd8d70 elementor-widget__width-initial exad-sticky-section-no exad-glass-effect-no elementor-widget elementor-widget-html\" data-id=\"8cd8d70\" data-element_type=\"widget\" data-widget_type=\"html.default\">\n\t\t\t\t<div class=\"elementor-widget-container\">\n\t\t\t<script charset=\"utf-8\" type=\"text\/javascript\" src=\"\/\/js.hsforms.net\/forms\/embed\/v2.js\"><\/script>\r\n<script>\r\n  hbspt.forms.create({\r\n    region: \"na1\",\r\n    portalId: \"21708321\",\r\n    formId: \"859a6de6-2150-4c15-959c-ab9e95037114\"\r\n  });\r\n<\/script>\t\t<\/div>\n\t\t\t\t<\/div>\n\t\t\t\t<\/div>\n\t\t\t\t<\/div>\n\t\t<div class=\"elementor-element elementor-element-87a6dcb e-flex e-con-boxed e-con e-parent\" data-id=\"87a6dcb\" data-element_type=\"container\" data-settings=\"{&quot;background_background&quot;:&quot;classic&quot;}\" data-core-v316-plus=\"true\">\n\t\t\t\t\t<div class=\"e-con-inner\">\n\t\t\t\t<div class=\"elementor-element elementor-element-f8d1206 exad-sticky-section-no exad-glass-effect-no elementor-widget elementor-widget-heading\" data-id=\"f8d1206\" data-element_type=\"widget\" data-widget_type=\"heading.default\">\n\t\t\t\t<div class=\"elementor-widget-container\">\n\t\t\t<h2 class=\"elementor-heading-title elementor-size-default\">N\u00e3o deixe dinheiro na mesa! Milhares de pessoas est\u00e3o aproveitando descontos de at\u00e9 30% nos nossos produtos com o cupom exclusivo. Cadastre-se agora \ne aproveite a oportunidade de economizar.<\/h2>\t\t<\/div>\n\t\t\t\t<\/div>\n\t\t\t\t<div class=\"elementor-element elementor-element-a1e88fa exad-sticky-section-no exad-glass-effect-no elementor-widget elementor-widget-text-editor\" data-id=\"a1e88fa\" data-element_type=\"widget\" data-widget_type=\"text-editor.default\">\n\t\t\t\t<div class=\"elementor-widget-container\">\n\t\t\t\t\t\t\t<p><span style=\"font-weight: 400;\">Seu cupom est\u00e1 esperando, s\u00e3o s\u00f3 30 segundos para garantir sua economia.<\/span><\/p>\t\t\t\t\t\t<\/div>\n\t\t\t\t<\/div>\n\t\t\t\t<div class=\"elementor-element elementor-element-012a195 exad-sticky-section-no exad-glass-effect-no elementor-widget elementor-widget-html\" data-id=\"012a195\" data-element_type=\"widget\" data-widget_type=\"html.default\">\n\t\t\t\t<div class=\"elementor-widget-container\">\n\t\t\t<script charset=\"utf-8\" type=\"text\/javascript\" src=\"\/\/js.hsforms.net\/forms\/embed\/v2.js\"><\/script>\r\n<script>\r\n  hbspt.forms.create({\r\n    region: \"na1\",\r\n    portalId: \"21708321\",\r\n    formId: \"859a6de6-2150-4c15-959c-ab9e95037114\"\r\n  });\r\n<\/script>\t\t<\/div>\n\t\t\t\t<\/div>\n\t\t\t\t\t<\/div>\n\t\t\t\t<\/div>\n\t\t\t\t<\/div>\n\t\t","protected":false},"excerpt":{"rendered":"<p>DESCONTO V\u00c1LIDO POR: MIN SEG Voc\u00ea est\u00e1 a apenas um clique de economizar na sua primeira compra! Cadastre-se agora e receba imediatamente um cupom de 12% OFF v\u00e1lido para TODOS os produtos da nossa loja. APROVEITE SEU CUPOM nos melhores produtos do mundo e n\u00e3o s\u00f3 uma marca no peito. Pois n\u00f3s acreditamos que nenhuma [&hellip;]<\/p>\n","protected":false},"author":1,"featured_media":0,"parent":0,"menu_order":0,"comment_status":"closed","ping_status":"closed","template":"","meta":{"content-type":"","footnotes":""},"folder":[],"_links":{"self":[{"href":"https:\/\/lp.minimalclub.com.br\/index.php\/wp-json\/wp\/v2\/pages\/19599"}],"collection":[{"href":"https:\/\/lp.minimalclub.com.br\/index.php\/wp-json\/wp\/v2\/pages"}],"about":[{"href":"https:\/\/lp.minimalclub.com.br\/index.php\/wp-json\/wp\/v2\/types\/page"}],"author":[{"embeddable":true,"href":"https:\/\/lp.minimalclub.com.br\/index.php\/wp-json\/wp\/v2\/users\/1"}],"replies":[{"embeddable":true,"href":"https:\/\/lp.minimalclub.com.br\/index.php\/wp-json\/wp\/v2\/comments?post=19599"}],"version-history":[{"count":16,"href":"https:\/\/lp.minimalclub.com.br\/index.php\/wp-json\/wp\/v2\/pages\/19599\/revisions"}],"predecessor-version":[{"id":19643,"href":"https:\/\/lp.minimalclub.com.br\/index.php\/wp-json\/wp\/v2\/pages\/19599\/revisions\/19643"}],"wp:attachment":[{"href":"https:\/\/lp.minimalclub.com.br\/index.php\/wp-json\/wp\/v2\/media?parent=19599"}],"wp:term":[{"taxonomy":"folder","embeddable":true,"href":"https:\/\/lp.minimalclub.com.br\/index.php\/wp-json\/wp\/v2\/folder?post=19599"}],"curies":[{"name":"wp","href":"https:\/\/api.w.org\/{rel}","templated":true}]}}