{"id":18,"date":"2022-10-29T01:39:56","date_gmt":"2022-10-29T01:39:56","guid":{"rendered":"https:\/\/lp.minimalclub.com.br\/?page_id=18"},"modified":"2024-06-13T21:01:13","modified_gmt":"2024-06-13T18:01:13","slug":"novos-clientes-1","status":"publish","type":"page","link":"https:\/\/lp.minimalclub.com.br\/index.php\/novos-clientes-1\/","title":{"rendered":"Novos Clientes"},"content":{"rendered":"\t\t<div data-elementor-type=\"wp-page\" data-elementor-id=\"18\" class=\"elementor elementor-18\" data-elementor-post-type=\"page\">\n\t\t\t\t\t\t<section class=\"elementor-section elementor-top-section elementor-element elementor-element-3988b03 elementor-section-boxed elementor-section-height-default elementor-section-height-default exad-glass-effect-no exad-sticky-section-no\" data-id=\"3988b03\" data-element_type=\"section\" data-settings=\"{&quot;background_background&quot;:&quot;classic&quot;}\">\n\t\t\t\t\t\t<div class=\"elementor-container elementor-column-gap-default\">\n\t\t\t\t\t<div class=\"elementor-column elementor-col-100 elementor-top-column elementor-element elementor-element-568e026 exad-glass-effect-no exad-sticky-section-no\" data-id=\"568e026\" data-element_type=\"column\">\n\t\t\t<div class=\"elementor-widget-wrap elementor-element-populated\">\n\t\t\t\t\t\t<div class=\"elementor-element elementor-element-dc96fe1 exad-sticky-section-no exad-glass-effect-no elementor-widget elementor-widget-image\" data-id=\"dc96fe1\" data-element_type=\"widget\" data-widget_type=\"image.default\">\n\t\t\t\t<div class=\"elementor-widget-container\">\n\t\t\t<style>\/*! elementor - v3.20.0 - 26-03-2024 *\/\n.elementor-widget-image{text-align:center}.elementor-widget-image a{display:inline-block}.elementor-widget-image a img[src$=\".svg\"]{width:48px}.elementor-widget-image img{vertical-align:middle;display:inline-block}<\/style>\t\t\t\t\t\t\t\t\t\t\t<a href=\"https:\/\/minimalclub.com.br\/\">\n\t\t\t\t\t\t\t<img decoding=\"async\" width=\"337\" height=\"27\" src=\"https:\/\/lp.minimalclub.com.br\/wp-content\/uploads\/2023\/03\/Logo-Header-1.svg\" class=\"attachment-large size-large wp-image-2052\" alt=\"\" \/>\t\t\t\t\t\t\t\t<\/a>\n\t\t\t\t\t\t\t\t\t\t\t\t\t<\/div>\n\t\t\t\t<\/div>\n\t\t\t\t\t<\/div>\n\t\t<\/div>\n\t\t\t\t\t<\/div>\n\t\t<\/section>\n\t\t<div class=\"elementor-element elementor-element-75c15c4 e-flex e-con-boxed e-con e-parent\" data-id=\"75c15c4\" data-element_type=\"container\" data-core-v316-plus=\"true\">\n\t\t\t\t\t<div class=\"e-con-inner\">\n\t\t<div class=\"elementor-element elementor-element-f40ec5f e-con-full e-flex e-con e-child\" data-id=\"f40ec5f\" data-element_type=\"container\">\n\t\t\t\t<div class=\"elementor-element elementor-element-0c3961e exad-sticky-section-no exad-glass-effect-no elementor-widget elementor-widget-text-editor\" data-id=\"0c3961e\" data-element_type=\"widget\" data-widget_type=\"text-editor.default\">\n\t\t\t\t<div class=\"elementor-widget-container\">\n\t\t\t<style>\/*! elementor - v3.20.0 - 26-03-2024 *\/\n.elementor-widget-text-editor.elementor-drop-cap-view-stacked .elementor-drop-cap{background-color:#69727d;color:#fff}.elementor-widget-text-editor.elementor-drop-cap-view-framed .elementor-drop-cap{color:#69727d;border:3px solid;background-color:transparent}.elementor-widget-text-editor:not(.elementor-drop-cap-view-default) .elementor-drop-cap{margin-top:8px}.elementor-widget-text-editor:not(.elementor-drop-cap-view-default) .elementor-drop-cap-letter{width:1em;height:1em}.elementor-widget-text-editor .elementor-drop-cap{float:left;text-align:center;line-height:1;font-size:50px}.elementor-widget-text-editor .elementor-drop-cap-letter{display:inline-block}<\/style>\t\t\t\t<p><b>&nbsp;Ganhe 10% OFF no site!<\/b><\/p>\n<p>Receba em seu email um cupom exclusivo de desconto para sua primeira compra,&nbsp;al\u00e9m novidades, promo\u00e7\u00f5es e muito conte\u00fado sobre um estilo de vida mais simples e descomplicado!<\/p>\t\t\t\t\t\t<\/div>\n\t\t\t\t<\/div>\n\t\t\t\t<div class=\"elementor-element elementor-element-eb6829c exad-sticky-section-no exad-glass-effect-no elementor-widget elementor-widget-html\" data-id=\"eb6829c\" data-element_type=\"widget\" data-widget_type=\"html.default\">\n\t\t\t\t<div class=\"elementor-widget-container\">\n\t\t\t<script charset=\"utf-8\" type=\"text\/javascript\" src=\"\/\/js.hsforms.net\/forms\/embed\/v2.js\"><\/script>\n\n<script>\n\n  hbspt.forms.create({\n\n    region: \"na1\",\n\n    portalId: \"21708321\",\n\n    formId: \"6c1e3e33-7e3c-462c-af97-780f09a3e386\"\n\n  });\n\n<\/script>\t\t<\/div>\n\t\t\t\t<\/div>\n\t\t\t\t<\/div>\n\t\t<div class=\"elementor-element elementor-element-7bf651f e-con-full e-flex e-con e-child\" data-id=\"7bf651f\" data-element_type=\"container\">\n\t\t\t\t<div class=\"elementor-element elementor-element-b695196 exad-sticky-section-no exad-glass-effect-no elementor-widget elementor-widget-image\" data-id=\"b695196\" data-element_type=\"widget\" data-widget_type=\"image.default\">\n\t\t\t\t<div class=\"elementor-widget-container\">\n\t\t\t\t\t\t\t\t\t\t\t\t\t<img fetchpriority=\"high\" decoding=\"async\" width=\"800\" height=\"800\" src=\"https:\/\/lp.minimalclub.com.br\/wp-content\/uploads\/2024\/05\/0424-75-TOF-TW-TENISLINK-1024x1024.png\" class=\"attachment-large size-large wp-image-12016\" alt=\"\" srcset=\"https:\/\/lp.minimalclub.com.br\/wp-content\/uploads\/2024\/05\/0424-75-TOF-TW-TENISLINK-1024x1024.png 1024w, https:\/\/lp.minimalclub.com.br\/wp-content\/uploads\/2024\/05\/0424-75-TOF-TW-TENISLINK-300x300.png 300w, https:\/\/lp.minimalclub.com.br\/wp-content\/uploads\/2024\/05\/0424-75-TOF-TW-TENISLINK-150x150.png 150w, https:\/\/lp.minimalclub.com.br\/wp-content\/uploads\/2024\/05\/0424-75-TOF-TW-TENISLINK-768x768.png 768w, https:\/\/lp.minimalclub.com.br\/wp-content\/uploads\/2024\/05\/0424-75-TOF-TW-TENISLINK.png 1200w\" sizes=\"(max-width: 800px) 100vw, 800px\" \/>\t\t\t\t\t\t\t\t\t\t\t\t\t<\/div>\n\t\t\t\t<\/div>\n\t\t\t\t<\/div>\n\t\t\t\t\t<\/div>\n\t\t\t\t<\/div>\n\t\t\t\t<section class=\"elementor-section elementor-top-section elementor-element elementor-element-f8b5d15 elementor-section-boxed elementor-section-height-default elementor-section-height-default exad-glass-effect-no exad-sticky-section-no\" data-id=\"f8b5d15\" data-element_type=\"section\" data-settings=\"{&quot;background_background&quot;:&quot;classic&quot;}\">\n\t\t\t\t\t\t<div class=\"elementor-container elementor-column-gap-default\">\n\t\t\t\t\t<div class=\"elementor-column elementor-col-50 elementor-top-column elementor-element elementor-element-34239be exad-glass-effect-no exad-sticky-section-no\" data-id=\"34239be\" data-element_type=\"column\">\n\t\t\t<div class=\"elementor-widget-wrap elementor-element-populated\">\n\t\t\t\t\t\t<div class=\"elementor-element elementor-element-538495f elementor-widget__width-initial exad-sticky-section-no exad-glass-effect-no elementor-widget elementor-widget-text-editor\" data-id=\"538495f\" data-element_type=\"widget\" data-widget_type=\"text-editor.default\">\n\t\t\t\t<div class=\"elementor-widget-container\">\n\t\t\t\t\t\t\t<p><\/p>\n<p><span style=\"color: #ffffff;\"><br><\/span><\/p><p><span style=\"color: #ffffff;\">MAIS INFORMA\u00c7\u00d5ES:<\/span><\/p>\n<p><\/p>\n<p><span style=\"color: #ffffff;\"><a class=\"footer-link\" style=\"color: #ffffff;\" href=\"https:\/\/minimalclub.com.br\/policies\/privacy-policy\">Pol\u00edtica de privacidade<\/a><\/span><\/p>\n<p><span style=\"color: #ffffff;\"><a class=\"footer-link\" style=\"color: #ffffff;\" href=\"https:\/\/minimalclub.com.br\/policies\/refund-policy\">Pol\u00edtica de trocas e devolu\u00e7\u00f5es<\/a><\/span><\/p>\n<p><span style=\"color: #ffffff;\"><a class=\"footer-link\" style=\"color: #ffffff;\" href=\"https:\/\/minimalclub.com.br\/policies\/shipping-policy\">Pol\u00edtica de frete<\/a><\/span><\/p>\n<p><span style=\"color: #ffffff;\"><a class=\"footer-link\" style=\"color: #ffffff;\" href=\"https:\/\/minimalclub.com.br\/policies\/terms-of-service\">Termos de servi\u00e7o<\/a><\/span><\/p>\n<p><span style=\"color: #ffffff;\"><a class=\"footer-link\" style=\"color: #ffffff;\" href=\"https:\/\/minimalclub.com.br\/pages\/quem-somos\">Quem somos n\u00f3s<\/a><\/span><\/p>\n<p><span style=\"color: #ffffff;\"><a class=\"footer-link\" style=\"color: #ffffff;\" href=\"https:\/\/minimalclub.com.br\/pages\/programa-de-indicacao\">Ganhe 1 Camiseta<\/a><\/span><\/p>\t\t\t\t\t\t<\/div>\n\t\t\t\t<\/div>\n\t\t\t\t\t<\/div>\n\t\t<\/div>\n\t\t\t\t<div class=\"elementor-column elementor-col-50 elementor-top-column elementor-element elementor-element-d7f1ea8 exad-glass-effect-no exad-sticky-section-no\" data-id=\"d7f1ea8\" data-element_type=\"column\">\n\t\t\t<div class=\"elementor-widget-wrap elementor-element-populated\">\n\t\t\t\t\t\t<section class=\"elementor-section elementor-inner-section elementor-element elementor-element-ec1c16d elementor-section-boxed elementor-section-height-default elementor-section-height-default exad-glass-effect-no exad-sticky-section-no\" data-id=\"ec1c16d\" data-element_type=\"section\">\n\t\t\t\t\t\t<div class=\"elementor-container elementor-column-gap-default\">\n\t\t\t\t\t<div class=\"elementor-column elementor-col-50 elementor-inner-column elementor-element elementor-element-8b7211a exad-glass-effect-no exad-sticky-section-no\" data-id=\"8b7211a\" data-element_type=\"column\">\n\t\t\t<div class=\"elementor-widget-wrap elementor-element-populated\">\n\t\t\t\t\t\t<div class=\"elementor-element elementor-element-d8ae34f exad-sticky-section-no exad-glass-effect-no elementor-widget elementor-widget-text-editor\" data-id=\"d8ae34f\" data-element_type=\"widget\" data-widget_type=\"text-editor.default\">\n\t\t\t\t<div class=\"elementor-widget-container\">\n\t\t\t\t\t\t\t<p>\u00a0<\/p><p class=\"footer-title h5\">CONDI\u00c7\u00d5ES DE FRETE.<\/p><div class=\"rte\"><p>* Frete gr\u00e1tis v\u00e1lido para as regi\u00f5es Sul, Sudeste, Centro-Oeste e Nordeste.<\/p><\/div>\t\t\t\t\t\t<\/div>\n\t\t\t\t<\/div>\n\t\t\t\t\t<\/div>\n\t\t<\/div>\n\t\t\t\t<div class=\"elementor-column elementor-col-50 elementor-inner-column elementor-element elementor-element-b21bee5 exad-glass-effect-no exad-sticky-section-no\" data-id=\"b21bee5\" data-element_type=\"column\">\n\t\t\t<div class=\"elementor-widget-wrap elementor-element-populated\">\n\t\t\t\t\t\t<div class=\"elementor-element elementor-element-e796eae exad-sticky-section-no exad-glass-effect-no elementor-widget elementor-widget-text-editor\" data-id=\"e796eae\" data-element_type=\"widget\" data-widget_type=\"text-editor.default\">\n\t\t\t\t<div class=\"elementor-widget-container\">\n\t\t\t\t\t\t\t<div class=\"footer-title h5\"><br><\/div>\n<div class=\"footer-title h5\">FA\u00c7A PARTE DO CLUBE!<br><\/div>\n<div class=\"rte\">\n<p>Receba conte\u00fado sobre inova\u00e7\u00e3o, empreendedorismo, investimentos e filosofia no seu e-mail. Al\u00e9m de muita oferta boa tamb\u00e9m!<\/p>\n<\/div>\t\t\t\t\t\t<\/div>\n\t\t\t\t<\/div>\n\t\t\t\t\t<\/div>\n\t\t<\/div>\n\t\t\t\t\t<\/div>\n\t\t<\/section>\n\t\t\t\t\t<\/div>\n\t\t<\/div>\n\t\t\t\t\t<\/div>\n\t\t<\/section>\n\t\t\t\t<section class=\"elementor-section elementor-top-section elementor-element elementor-element-8f369af elementor-section-boxed elementor-section-height-default elementor-section-height-default exad-glass-effect-no exad-sticky-section-no\" data-id=\"8f369af\" data-element_type=\"section\" data-settings=\"{&quot;background_background&quot;:&quot;classic&quot;}\">\n\t\t\t\t\t\t<div class=\"elementor-container elementor-column-gap-default\">\n\t\t\t\t\t<div class=\"elementor-column elementor-col-33 elementor-top-column elementor-element elementor-element-8f5789e exad-glass-effect-no exad-sticky-section-no\" data-id=\"8f5789e\" data-element_type=\"column\">\n\t\t\t<div class=\"elementor-widget-wrap elementor-element-populated\">\n\t\t\t\t\t\t<div class=\"elementor-element elementor-element-0ba07e2 elementor-widget__width-initial elementor-view-default exad-sticky-section-no exad-glass-effect-no elementor-widget elementor-widget-icon\" data-id=\"0ba07e2\" data-element_type=\"widget\" data-widget_type=\"icon.default\">\n\t\t\t\t<div class=\"elementor-widget-container\">\n\t\t\t\t\t<div class=\"elementor-icon-wrapper\">\n\t\t\t<a class=\"elementor-icon\" href=\"https:\/\/www.facebook.com\/minimalclub.br\/?ref=pages_you_manage\">\n\t\t\t<i aria-hidden=\"true\" class=\"fab fa-facebook\"><\/i>\t\t\t<\/a>\n\t\t<\/div>\n\t\t\t\t<\/div>\n\t\t\t\t<\/div>\n\t\t\t\t\t<\/div>\n\t\t<\/div>\n\t\t\t\t<div class=\"elementor-column elementor-col-33 elementor-top-column elementor-element elementor-element-b2a39db exad-glass-effect-no exad-sticky-section-no\" data-id=\"b2a39db\" data-element_type=\"column\">\n\t\t\t<div class=\"elementor-widget-wrap elementor-element-populated\">\n\t\t\t\t\t\t<div class=\"elementor-element elementor-element-f7210af elementor-widget__width-initial elementor-view-default exad-sticky-section-no exad-glass-effect-no elementor-widget elementor-widget-icon\" data-id=\"f7210af\" data-element_type=\"widget\" data-widget_type=\"icon.default\">\n\t\t\t\t<div class=\"elementor-widget-container\">\n\t\t\t\t\t<div class=\"elementor-icon-wrapper\">\n\t\t\t<a class=\"elementor-icon\" href=\"https:\/\/www.instagram.com\/minimalclub.br\/\">\n\t\t\t<i aria-hidden=\"true\" class=\"fab fa-instagram\"><\/i>\t\t\t<\/a>\n\t\t<\/div>\n\t\t\t\t<\/div>\n\t\t\t\t<\/div>\n\t\t\t\t\t<\/div>\n\t\t<\/div>\n\t\t\t\t<div class=\"elementor-column elementor-col-33 elementor-top-column elementor-element elementor-element-5f847d9 exad-glass-effect-no exad-sticky-section-no\" data-id=\"5f847d9\" data-element_type=\"column\">\n\t\t\t<div class=\"elementor-widget-wrap elementor-element-populated\">\n\t\t\t\t\t\t<div class=\"elementor-element elementor-element-52a100f elementor-widget__width-initial elementor-view-default exad-sticky-section-no exad-glass-effect-no elementor-widget elementor-widget-icon\" data-id=\"52a100f\" data-element_type=\"widget\" data-widget_type=\"icon.default\">\n\t\t\t\t<div class=\"elementor-widget-container\">\n\t\t\t\t\t<div class=\"elementor-icon-wrapper\">\n\t\t\t<a class=\"elementor-icon\" href=\"https:\/\/www.youtube.com\/channel\/UCe_DxtpLfPBZNWzkf_B5G2g\">\n\t\t\t<i aria-hidden=\"true\" class=\"fab fa-youtube\"><\/i>\t\t\t<\/a>\n\t\t<\/div>\n\t\t\t\t<\/div>\n\t\t\t\t<\/div>\n\t\t\t\t\t<\/div>\n\t\t<\/div>\n\t\t\t\t\t<\/div>\n\t\t<\/section>\n\t\t\t\t<\/div>\n\t\t","protected":false},"excerpt":{"rendered":"<p>&nbsp;Ganhe 10% OFF no site! Receba em seu email um cupom exclusivo de desconto para sua primeira compra,&nbsp;al\u00e9m novidades, promo\u00e7\u00f5es e muito conte\u00fado sobre um estilo de vida mais simples e descomplicado! MAIS INFORMA\u00c7\u00d5ES: Pol\u00edtica de privacidade Pol\u00edtica de trocas e devolu\u00e7\u00f5es Pol\u00edtica de frete Termos de servi\u00e7o Quem somos n\u00f3s Ganhe 1 Camiseta \u00a0 [&hellip;]<\/p>\n","protected":false},"author":1,"featured_media":0,"parent":0,"menu_order":0,"comment_status":"closed","ping_status":"closed","template":"elementor_canvas","meta":{"content-type":"","footnotes":""},"folder":[31],"_links":{"self":[{"href":"https:\/\/lp.minimalclub.com.br\/index.php\/wp-json\/wp\/v2\/pages\/18"}],"collection":[{"href":"https:\/\/lp.minimalclub.com.br\/index.php\/wp-json\/wp\/v2\/pages"}],"about":[{"href":"https:\/\/lp.minimalclub.com.br\/index.php\/wp-json\/wp\/v2\/types\/page"}],"author":[{"embeddable":true,"href":"https:\/\/lp.minimalclub.com.br\/index.php\/wp-json\/wp\/v2\/users\/1"}],"replies":[{"embeddable":true,"href":"https:\/\/lp.minimalclub.com.br\/index.php\/wp-json\/wp\/v2\/comments?post=18"}],"version-history":[{"count":63,"href":"https:\/\/lp.minimalclub.com.br\/index.php\/wp-json\/wp\/v2\/pages\/18\/revisions"}],"predecessor-version":[{"id":12288,"href":"https:\/\/lp.minimalclub.com.br\/index.php\/wp-json\/wp\/v2\/pages\/18\/revisions\/12288"}],"wp:attachment":[{"href":"https:\/\/lp.minimalclub.com.br\/index.php\/wp-json\/wp\/v2\/media?parent=18"}],"wp:term":[{"taxonomy":"folder","embeddable":true,"href":"https:\/\/lp.minimalclub.com.br\/index.php\/wp-json\/wp\/v2\/folder?post=18"}],"curies":[{"name":"wp","href":"https:\/\/api.w.org\/{rel}","templated":true}]}}