{"id":17867,"date":"2025-03-18T21:54:22","date_gmt":"2025-03-18T18:54:22","guid":{"rendered":"https:\/\/lp.minimalclub.com.br\/?page_id=17867"},"modified":"2025-03-18T21:54:28","modified_gmt":"2025-03-18T18:54:28","slug":"elementor-17867","status":"publish","type":"page","link":"https:\/\/lp.minimalclub.com.br\/index.php\/elementor-17867\/","title":{"rendered":"Elementor #17867"},"content":{"rendered":"\t\t<div data-elementor-type=\"wp-page\" data-elementor-id=\"17867\" class=\"elementor elementor-17867\" data-elementor-post-type=\"page\">\n\t\t\t\t<div class=\"elementor-element elementor-element-ded8442 e-flex e-con-boxed e-con e-parent\" data-id=\"ded8442\" data-element_type=\"container\" data-core-v316-plus=\"true\">\n\t\t\t\t\t<div class=\"e-con-inner\">\n\t\t\t\t<div class=\"elementor-element elementor-element-9e53d4a exad-sticky-section-no exad-glass-effect-no elementor-widget elementor-widget-phone_check_widget\" data-id=\"9e53d4a\" data-element_type=\"widget\" data-widget_type=\"phone_check_widget.default\">\n\t\t\t\t<div class=\"elementor-widget-container\">\n\t\t\t        <div class=\"phone-checker-widget\" data-trusted='[\"+55(11)95381-4960\"]'>\n            <label for=\"phone-input\">Digite o n\u00famero de telefone:<\/label>\n            <div class=\"input-wrapper\">\n                <span class=\"country-code\">+55<\/span>\n                <input type=\"text\" id=\"phone-input\" placeholder=\"(99) 99999-9999\" maxlength=\"15\" \/>\n            <\/div>\n            <button id=\"check-btn\" disabled>Checar Autenticidade<\/button>\n\n            <div id=\"result\" style=\"display:none;\"><\/div>\n        <\/div>\n\n        <style>\n            .phone-checker-widget { max-width: 400px; font-family: Arial, sans-serif; }\n            .input-wrapper { display: flex; align-items: center; margin: 10px 0; }\n            .country-code { padding: 8px; background: #f0f0f0; border: 1px solid #ccc; border-right: none; }\n            #phone-input { flex: 1; padding: 8px; border: 1px solid #ccc; }\n            #check-btn { padding: 10px 15px; background: #333; color: #fff; border: none; cursor: pointer; opacity: 0.5; }\n            #check-btn.enabled { opacity: 1; cursor: pointer; }\n            #result { margin-top: 20px; padding: 15px; border-radius: 5px; }\n            .danger { background: #fff3f3; color: #b30000; border: 1px solid #b30000; }\n            .safe { background: #f0fff0; color: #006600; border: 1px solid #006600; }\n            .btn-reset { margin-top: 15px; padding: 8px 12px; background: #333; color: #fff; border: none; cursor: pointer; }\n        <\/style>\n\n        <script>\n            const widget = document.querySelector('.phone-checker-widget');\n            const input = widget.querySelector('#phone-input');\n            const btn = widget.querySelector('#check-btn');\n            const result = widget.querySelector('#result');\n            const trustedNumbers = JSON.parse(widget.dataset.trusted);\n\n            const formatPhone = (value) => {\n                value = value.replace(\/\\D\/g, '');\n                if (value.length > 11) value = value.slice(0, 11);\n                if (value.length >= 7) return `(${value.slice(0, 2)}) ${value.slice(2, 7)}-${value.slice(7)}`;\n                if (value.length >= 3) return `(${value.slice(0, 2)}) ${value.slice(2)}`;\n                if (value.length > 0) return `(${value}`;\n                return '';\n            };\n\n            const isValidPhone = (value) => \/^\\(\\d{2}\\)\\s\\d{5}-\\d{4}$\/.test(value);\n\n            input.addEventListener('input', () => {\n                input.value = formatPhone(input.value);\n                btn.disabled = !isValidPhone(input.value);\n                btn.classList.toggle('enabled', !btn.disabled);\n            });\n\n           btn.addEventListener('click', () => {\n                const formattedNumber = `+55${input.value}`.replace(\/\\s\/g, ''); \/\/ Remove espa\u00e7os\n                const normalizedTrusted = trustedNumbers.map(num => num.replace(\/\\s\/g, ''));\n            \n                const trusted = normalizedTrusted.includes(formattedNumber);\n            \n                result.style.display = 'block';\n                if (trusted) {\n                    result.className = 'safe';\n                    result.innerHTML = `\n                        \u2705 <strong>N\u00famero verificado!<\/strong><br>\n                        Este contato faz parte da nossa equipe oficial e \u00e9 seguro interagir com ele.<br><br>\n                        \ud83d\udce2 <strong>Lembre-se:<\/strong><br>\n                        \u2705 Nossos canais oficiais sempre seguem a comunica\u00e7\u00e3o padr\u00e3o.<br>\n                        \u274c Nunca pedimos pagamentos inesperados ou dados sigilosos.<br><br>\n                        \ud83d\udccc <a href=\"https:\/\/api.whatsapp.com\/send\/?phone=%2B15556006940&text&type=phone_number&app_absent=0\" target=\"_blank\">Precisa de ajuda? Clique aqui para falar com nosso suporte oficial<\/a><br><br>\n                        <button class=\"btn-reset\">Checar outro n\u00famero<\/button>\n                    `;\n                } else {\n                    result.className = 'danger';\n                    result.innerHTML = `\n                        \u26a0\ufe0f <strong>CUIDADO! ESTE N\u00daMERO N\u00c3O FOI ENCONTRADO EM NOSSA BASE!<\/strong><br><br>\n                        \ud83d\udd34 N\u00e3o compartilhe nenhuma informa\u00e7\u00e3o pessoal ou financeira!<br>\n                        \ud83d\udd34 N\u00e3o clique em links enviados por este n\u00famero!<br><br>\n                        \ud83d\udcac <strong>D\u00favidas?<\/strong> Confirme diretamente com nosso time oficial.<br>\n                        \ud83d\udccc <a href=\"https:\/\/api.whatsapp.com\/send\/?phone=%2B15556006940&text&type=phone_number&app_absent=0\" target=\"_blank\">Clique aqui para falar agora com nosso atendimento<\/a><br><br>\n                        <button class=\"btn-reset\">Checar outro n\u00famero<\/button>\n                    `;\n                }\n            });\n\n            widget.addEventListener('click', (e) => {\n                if (e.target.classList.contains('btn-reset')) {\n                    input.value = '';\n                    btn.disabled = true;\n                    btn.classList.remove('enabled');\n                    result.style.display = 'none';\n                }\n            });\n        <\/script>\n        \t\t<\/div>\n\t\t\t\t<\/div>\n\t\t\t\t\t<\/div>\n\t\t\t\t<\/div>\n\t\t\t\t<\/div>\n\t\t","protected":false},"excerpt":{"rendered":"<p>Digite o n\u00famero de telefone: +55 Checar Autenticidade<\/p>\n","protected":false},"author":11,"featured_media":0,"parent":0,"menu_order":0,"comment_status":"closed","ping_status":"closed","template":"","meta":{"content-type":"","footnotes":""},"folder":[],"_links":{"self":[{"href":"https:\/\/lp.minimalclub.com.br\/index.php\/wp-json\/wp\/v2\/pages\/17867"}],"collection":[{"href":"https:\/\/lp.minimalclub.com.br\/index.php\/wp-json\/wp\/v2\/pages"}],"about":[{"href":"https:\/\/lp.minimalclub.com.br\/index.php\/wp-json\/wp\/v2\/types\/page"}],"author":[{"embeddable":true,"href":"https:\/\/lp.minimalclub.com.br\/index.php\/wp-json\/wp\/v2\/users\/11"}],"replies":[{"embeddable":true,"href":"https:\/\/lp.minimalclub.com.br\/index.php\/wp-json\/wp\/v2\/comments?post=17867"}],"version-history":[{"count":4,"href":"https:\/\/lp.minimalclub.com.br\/index.php\/wp-json\/wp\/v2\/pages\/17867\/revisions"}],"predecessor-version":[{"id":17885,"href":"https:\/\/lp.minimalclub.com.br\/index.php\/wp-json\/wp\/v2\/pages\/17867\/revisions\/17885"}],"wp:attachment":[{"href":"https:\/\/lp.minimalclub.com.br\/index.php\/wp-json\/wp\/v2\/media?parent=17867"}],"wp:term":[{"taxonomy":"folder","embeddable":true,"href":"https:\/\/lp.minimalclub.com.br\/index.php\/wp-json\/wp\/v2\/folder?post=17867"}],"curies":[{"name":"wp","href":"https:\/\/api.w.org\/{rel}","templated":true}]}}