{"id":17236,"date":"2025-03-07T21:55:50","date_gmt":"2025-03-07T18:55:50","guid":{"rendered":"https:\/\/lp.minimalclub.com.br\/?page_id=17236"},"modified":"2025-03-10T22:27:39","modified_gmt":"2025-03-10T19:27:39","slug":"aniversario-minimal-club-4-anos","status":"publish","type":"page","link":"https:\/\/lp.minimalclub.com.br\/index.php\/aniversario-minimal-club-4-anos\/","title":{"rendered":"ANIVERS\u00c1RIO MINIMAL CLUB 4 ANOS"},"content":{"rendered":"\t\t<div data-elementor-type=\"wp-page\" data-elementor-id=\"17236\" class=\"elementor elementor-17236\" data-elementor-post-type=\"page\">\n\t\t\t\t<div class=\"elementor-element elementor-element-0d79086 e-grid e-con-boxed e-con e-parent\" data-id=\"0d79086\" data-element_type=\"container\" data-settings=\"{&quot;background_background&quot;:&quot;classic&quot;}\" data-e-bg-lazyload=\"\" data-core-v316-plus=\"true\">\n\t\t\t\t\t<div class=\"e-con-inner\">\n\t\t<div class=\"elementor-element elementor-element-23c4e4a e-flex e-con-boxed e-con e-child\" data-id=\"23c4e4a\" data-element_type=\"container\" id=\"hero\">\n\t\t\t\t\t<div class=\"e-con-inner\">\n\t\t\t\t<div class=\"elementor-element elementor-element-7c1d422 exad-sticky-section-no exad-glass-effect-no elementor-widget elementor-widget-image\" data-id=\"7c1d422\" data-element_type=\"widget\" data-widget_type=\"image.default\">\n\t\t\t\t<div class=\"elementor-widget-container\">\n\t\t\t<style>\/*! elementor - v3.20.0 - 26-03-2024 *\/\n.elementor-widget-image{text-align:center}.elementor-widget-image a{display:inline-block}.elementor-widget-image a img[src$=\".svg\"]{width:48px}.elementor-widget-image img{vertical-align:middle;display:inline-block}<\/style>\t\t\t\t\t\t\t\t\t\t<img decoding=\"async\" width=\"337\" height=\"27\" src=\"https:\/\/lp.minimalclub.com.br\/wp-content\/uploads\/2025\/03\/Logo_Header_94582ed2-dc65-4f29-8e6a-3e2a2e96ba5b_1-1.svg\" class=\"attachment-large size-large wp-image-17367\" alt=\"\" \/>\t\t\t\t\t\t\t\t\t\t\t\t\t<\/div>\n\t\t\t\t<\/div>\n\t\t\t\t<div class=\"elementor-element elementor-element-7067574 exad-sticky-section-no exad-glass-effect-no elementor-widget elementor-widget-heading\" data-id=\"7067574\" data-element_type=\"widget\" data-widget_type=\"heading.default\">\n\t\t\t\t<div class=\"elementor-widget-container\">\n\t\t\t<style>\/*! elementor - v3.20.0 - 26-03-2024 *\/\n.elementor-heading-title{padding:0;margin:0;line-height:1}.elementor-widget-heading .elementor-heading-title[class*=elementor-size-]>a{color:inherit;font-size:inherit;line-height:inherit}.elementor-widget-heading .elementor-heading-title.elementor-size-small{font-size:15px}.elementor-widget-heading .elementor-heading-title.elementor-size-medium{font-size:19px}.elementor-widget-heading .elementor-heading-title.elementor-size-large{font-size:29px}.elementor-widget-heading .elementor-heading-title.elementor-size-xl{font-size:39px}.elementor-widget-heading .elementor-heading-title.elementor-size-xxl{font-size:59px}<\/style><h2 class=\"elementor-heading-title elementor-size-default\">OFERTA ESPECIAL DE ANIVERS\u00c1RIO MINIMAL CLUB<\/h2>\t\t<\/div>\n\t\t\t\t<\/div>\n\t\t\t\t<div class=\"elementor-element elementor-element-518591e exad-sticky-section-no exad-glass-effect-no elementor-widget elementor-widget-heading\" data-id=\"518591e\" data-element_type=\"widget\" data-widget_type=\"heading.default\">\n\t\t\t\t<div class=\"elementor-widget-container\">\n\t\t\t<h1 class=\"elementor-heading-title elementor-size-default\">Tenha acesso \u00e0  <i>promo\u00e7\u00e3o \u00fanica e exclusiva<\/i> do anivers\u00e1rio de 4 anos da Minimal<\/h1>\t\t<\/div>\n\t\t\t\t<\/div>\n\t\t\t\t<div class=\"elementor-element elementor-element-410804c exad-sticky-section-no exad-glass-effect-no elementor-widget elementor-widget-text-editor\" data-id=\"410804c\" data-element_type=\"widget\" data-widget_type=\"text-editor.default\">\n\t\t\t\t<div class=\"elementor-widget-container\">\n\t\t\t<style>\/*! elementor - v3.20.0 - 26-03-2024 *\/\n.elementor-widget-text-editor.elementor-drop-cap-view-stacked .elementor-drop-cap{background-color:#69727d;color:#fff}.elementor-widget-text-editor.elementor-drop-cap-view-framed .elementor-drop-cap{color:#69727d;border:3px solid;background-color:transparent}.elementor-widget-text-editor:not(.elementor-drop-cap-view-default) .elementor-drop-cap{margin-top:8px}.elementor-widget-text-editor:not(.elementor-drop-cap-view-default) .elementor-drop-cap-letter{width:1em;height:1em}.elementor-widget-text-editor .elementor-drop-cap{float:left;text-align:center;line-height:1;font-size:50px}.elementor-widget-text-editor .elementor-drop-cap-letter{display:inline-block}<\/style>\t\t\t\t<h5 class=\"elementor-heading-title elementor-size-default\"><strong>O maior Clube de Assinatura de roupas da Am\u00e9rica Latina<\/strong> em uma oferta nunca antes vista!<\/h5><h5 class=\"elementor-heading-title elementor-size-default\">Receba produtos premium pelo melhor pre\u00e7o do site no conforto de sua casa e ainda garanta brindes e b\u00f4nus exclusivos.\u00a0<\/h5><div>\u00a0<\/div><div><em><strong>\u00c9 a \u00faltima vez que a assinatura ter\u00e1 esse pre\u00e7o!<\/strong><\/em><\/div>\t\t\t\t\t\t<\/div>\n\t\t\t\t<\/div>\n\t\t\t\t<div class=\"elementor-element elementor-element-2c2a71f exad-glass-effect-yes exad-sticky-section-no elementor-widget elementor-widget-html\" data-id=\"2c2a71f\" data-element_type=\"widget\" data-widget_type=\"html.default\">\n\t\t\t\t<div class=\"elementor-widget-container\">\n\t\t\t<script charset=\"utf-8\" type=\"text\/javascript\" src=\"\/\/js.hsforms.net\/forms\/embed\/v2.js\"><\/script>\n<script>\n  hbspt.forms.create({\n    portalId: \"21708321\",\n    formId: \"6c6b11a8-e6e7-48d1-8c11-9a768fd82096\",\n    region: \"na1\"\n  });\n<\/script>\t\t<\/div>\n\t\t\t\t<\/div>\n\t\t\t\t\t<\/div>\n\t\t\t\t<\/div>\n\t\t\t\t<div class=\"elementor-element elementor-element-f9985a8 elementor-hidden-desktop exad-sticky-section-no exad-glass-effect-no elementor-widget elementor-widget-image\" data-id=\"f9985a8\" data-element_type=\"widget\" data-widget_type=\"image.default\">\n\t\t\t\t<div class=\"elementor-widget-container\">\n\t\t\t\t\t\t\t\t\t\t\t\t\t<img fetchpriority=\"high\" decoding=\"async\" width=\"800\" height=\"752\" src=\"https:\/\/lp.minimalclub.com.br\/wp-content\/uploads\/2025\/03\/Novo-Projeto-2025-03-07T161557.270.webp\" class=\"attachment-large size-large wp-image-17324\" alt=\"\" srcset=\"https:\/\/lp.minimalclub.com.br\/wp-content\/uploads\/2025\/03\/Novo-Projeto-2025-03-07T161557.270.webp 804w, https:\/\/lp.minimalclub.com.br\/wp-content\/uploads\/2025\/03\/Novo-Projeto-2025-03-07T161557.270-300x282.webp 300w, https:\/\/lp.minimalclub.com.br\/wp-content\/uploads\/2025\/03\/Novo-Projeto-2025-03-07T161557.270-768x722.webp 768w\" sizes=\"(max-width: 800px) 100vw, 800px\" \/>\t\t\t\t\t\t\t\t\t\t\t\t\t<\/div>\n\t\t\t\t<\/div>\n\t\t\t\t\t<\/div>\n\t\t\t\t<\/div>\n\t\t<div class=\"elementor-element elementor-element-e344169 e-grid e-con-boxed e-con e-parent\" data-id=\"e344169\" data-element_type=\"container\" data-settings=\"{&quot;background_background&quot;:&quot;gradient&quot;}\" data-core-v316-plus=\"true\">\n\t\t\t\t\t<div class=\"e-con-inner\">\n\t\t\t\t<div class=\"elementor-element elementor-element-de15fb6 exad-sticky-section-no exad-glass-effect-no elementor-widget elementor-widget-image\" data-id=\"de15fb6\" data-element_type=\"widget\" data-widget_type=\"image.default\">\n\t\t\t\t<div class=\"elementor-widget-container\">\n\t\t\t\t\t\t\t\t\t\t\t\t\t<img decoding=\"async\" width=\"800\" height=\"783\" src=\"https:\/\/lp.minimalclub.com.br\/wp-content\/uploads\/2025\/03\/1-1-1.webp\" class=\"attachment-large size-large wp-image-17240\" alt=\"\" srcset=\"https:\/\/lp.minimalclub.com.br\/wp-content\/uploads\/2025\/03\/1-1-1.webp 800w, https:\/\/lp.minimalclub.com.br\/wp-content\/uploads\/2025\/03\/1-1-1-300x294.webp 300w, https:\/\/lp.minimalclub.com.br\/wp-content\/uploads\/2025\/03\/1-1-1-768x752.webp 768w\" sizes=\"(max-width: 800px) 100vw, 800px\" \/>\t\t\t\t\t\t\t\t\t\t\t\t\t<\/div>\n\t\t\t\t<\/div>\n\t\t<div class=\"elementor-element elementor-element-8dbb5ca e-flex e-con-boxed e-con e-child\" data-id=\"8dbb5ca\" data-element_type=\"container\">\n\t\t\t\t\t<div class=\"e-con-inner\">\n\t\t\t\t<div class=\"elementor-element elementor-element-6dd729a exad-sticky-section-no exad-glass-effect-no elementor-widget elementor-widget-heading\" data-id=\"6dd729a\" data-element_type=\"widget\" data-widget_type=\"heading.default\">\n\t\t\t\t<div class=\"elementor-widget-container\">\n\t\t\t<h1 class=\"elementor-heading-title elementor-size-default\">Decidimos criar uma <b><u>oportunidade \u00fanica<\/u><\/b> de renovar o seu guarda-roupa.<\/h1>\t\t<\/div>\n\t\t\t\t<\/div>\n\t\t\t\t<div class=\"elementor-element elementor-element-0c0213c exad-sticky-section-no exad-glass-effect-no elementor-widget elementor-widget-text-editor\" data-id=\"0c0213c\" data-element_type=\"widget\" data-widget_type=\"text-editor.default\">\n\t\t\t\t<div class=\"elementor-widget-container\">\n\t\t\t\t\t\t\t<p><strong>Chega de sair de casa mal vestido ou de perder horas nas filas do shopping.<\/strong><\/p><p>Com essa oferta voc\u00ea vai receber as melhores roupas masculinas do Brasil no conforto da sua casa, tendo sempre seu guarda-roupa renovado!<\/p>\t\t\t\t\t\t<\/div>\n\t\t\t\t<\/div>\n\t\t\t\t<div class=\"elementor-element elementor-element-f99fb73 exad-sticky-section-no exad-glass-effect-no elementor-widget elementor-widget-heading\" data-id=\"f99fb73\" data-element_type=\"widget\" data-widget_type=\"heading.default\">\n\t\t\t\t<div class=\"elementor-widget-container\">\n\t\t\t<h2 class=\"elementor-heading-title elementor-size-default\">Aten\u00e7\u00e3o: a \u00fanica forma de ter acesso a essa oferta \u00e9 entrando no grupo VIP do Whatsapp. Se voc\u00ea ficar de fora vai perder a oferta!<\/h2>\t\t<\/div>\n\t\t\t\t<\/div>\n\t\t\t\t\t<\/div>\n\t\t\t\t<\/div>\n\t\t\t\t\t<\/div>\n\t\t\t\t<\/div>\n\t\t<div class=\"elementor-element elementor-element-354cb27 e-flex e-con-boxed e-con e-parent\" data-id=\"354cb27\" data-element_type=\"container\" data-settings=\"{&quot;background_background&quot;:&quot;classic&quot;}\" data-core-v316-plus=\"true\">\n\t\t\t\t\t<div class=\"e-con-inner\">\n\t\t<div class=\"elementor-element elementor-element-62dc201 e-flex e-con-boxed e-con e-child\" data-id=\"62dc201\" data-element_type=\"container\" data-settings=\"{&quot;background_background&quot;:&quot;gradient&quot;}\">\n\t\t\t\t\t<div class=\"e-con-inner\">\n\t\t\t\t<div class=\"elementor-element elementor-element-03c820b exad-sticky-section-no exad-glass-effect-no elementor-widget elementor-widget-heading\" data-id=\"03c820b\" data-element_type=\"widget\" data-widget_type=\"heading.default\">\n\t\t\t\t<div class=\"elementor-widget-container\">\n\t\t\t<h2 class=\"elementor-heading-title elementor-size-default\">Aperte o bot\u00e3o abaixo e entre no grupo VIP para descobrir todos os detalhes da PROMO\u00c7\u00c3O EXCLUSIVA de Anivers\u00e1rio da Minimal club:<\/h2>\t\t<\/div>\n\t\t\t\t<\/div>\n\t\t\t\t<div class=\"elementor-element elementor-element-1f5c3bb exad-sticky-section-no exad-glass-effect-no elementor-widget elementor-widget-text-editor\" data-id=\"1f5c3bb\" data-element_type=\"widget\" data-widget_type=\"text-editor.default\">\n\t\t\t\t<div class=\"elementor-widget-container\">\n\t\t\t\t\t\t\t<div><strong>\u00c9 a \u00faltima vez que a assinatura ter\u00e1 esse pre\u00e7o!<\/strong><\/div>\t\t\t\t\t\t<\/div>\n\t\t\t\t<\/div>\n\t\t\t\t<div class=\"elementor-element elementor-element-328a60d elementor-align-center exad-sticky-section-no exad-glass-effect-no elementor-widget elementor-widget-button\" data-id=\"328a60d\" data-element_type=\"widget\" data-widget_type=\"button.default\">\n\t\t\t\t<div class=\"elementor-widget-container\">\n\t\t\t\t\t<div class=\"elementor-button-wrapper\">\n\t\t\t<a class=\"elementor-button elementor-button-link elementor-size-sm\" href=\"#hero\">\n\t\t\t\t\t\t<span class=\"elementor-button-content-wrapper\">\n\t\t\t\t\t\t<span class=\"elementor-button-text\">QUERO CONHECER A PROMO\u00c7\u00c3O<\/span>\n\t\t<\/span>\n\t\t\t\t\t<\/a>\n\t\t<\/div>\n\t\t\t\t<\/div>\n\t\t\t\t<\/div>\n\t\t\t\t\t<\/div>\n\t\t\t\t<\/div>\n\t\t\t\t\t<\/div>\n\t\t\t\t<\/div>\n\t\t<div class=\"elementor-element elementor-element-2695e72 e-flex e-con-boxed e-con e-parent\" data-id=\"2695e72\" data-element_type=\"container\" data-settings=\"{&quot;background_background&quot;:&quot;classic&quot;}\" data-core-v316-plus=\"true\">\n\t\t\t\t\t<div class=\"e-con-inner\">\n\t\t<div class=\"elementor-element elementor-element-5c3c2c4 e-flex e-con-boxed e-con e-child\" data-id=\"5c3c2c4\" data-element_type=\"container\">\n\t\t\t\t\t<div class=\"e-con-inner\">\n\t\t\t\t<div class=\"elementor-element elementor-element-c16492a exad-sticky-section-no exad-glass-effect-no elementor-widget elementor-widget-heading\" data-id=\"c16492a\" data-element_type=\"widget\" data-widget_type=\"heading.default\">\n\t\t\t\t<div class=\"elementor-widget-container\">\n\t\t\t<h1 class=\"elementor-heading-title elementor-size-default\">Quem \u00e9 a Minimal Club?<\/h1>\t\t<\/div>\n\t\t\t\t<\/div>\n\t\t\t\t\t<\/div>\n\t\t\t\t<\/div>\n\t\t<div class=\"elementor-element elementor-element-c7fd82f e-grid e-con-boxed e-con e-child\" data-id=\"c7fd82f\" data-element_type=\"container\">\n\t\t\t\t\t<div class=\"e-con-inner\">\n\t\t\t\t<div class=\"elementor-element elementor-element-fc15cb0 exad-sticky-section-no exad-glass-effect-no elementor-widget elementor-widget-image\" data-id=\"fc15cb0\" data-element_type=\"widget\" data-widget_type=\"image.default\">\n\t\t\t\t<div class=\"elementor-widget-container\">\n\t\t\t\t\t\t\t\t\t\t\t\t\t<img loading=\"lazy\" decoding=\"async\" width=\"800\" height=\"458\" src=\"https:\/\/lp.minimalclub.com.br\/wp-content\/uploads\/2025\/03\/Novo-Projeto-2025-03-07T144550.599.webp\" class=\"attachment-large size-large wp-image-17248\" alt=\"\" srcset=\"https:\/\/lp.minimalclub.com.br\/wp-content\/uploads\/2025\/03\/Novo-Projeto-2025-03-07T144550.599.webp 1000w, https:\/\/lp.minimalclub.com.br\/wp-content\/uploads\/2025\/03\/Novo-Projeto-2025-03-07T144550.599-300x172.webp 300w, https:\/\/lp.minimalclub.com.br\/wp-content\/uploads\/2025\/03\/Novo-Projeto-2025-03-07T144550.599-768x440.webp 768w\" sizes=\"(max-width: 800px) 100vw, 800px\" \/>\t\t\t\t\t\t\t\t\t\t\t\t\t<\/div>\n\t\t\t\t<\/div>\n\t\t<div class=\"elementor-element elementor-element-ccd4ca4 e-flex e-con-boxed e-con e-child\" data-id=\"ccd4ca4\" data-element_type=\"container\">\n\t\t\t\t\t<div class=\"e-con-inner\">\n\t\t\t\t<div class=\"elementor-element elementor-element-1ebe950 exad-sticky-section-no exad-glass-effect-no elementor-widget elementor-widget-text-editor\" data-id=\"1ebe950\" data-element_type=\"widget\" data-widget_type=\"text-editor.default\">\n\t\t\t\t<div class=\"elementor-widget-container\">\n\t\t\t\t\t\t\t<p>A Minimal nasceu com o sonho de <b>transformar a forma como o homem se relaciona com as suas roupas<\/b>, suas preocupa\u00e7\u00f5es e seus sonhos.&nbsp;<\/p>\n<p>Desenvolvendo <b>produtos de alta qualidade por um pre\u00e7o justo<\/b>.&nbsp;<\/p>\t\t\t\t\t\t<\/div>\n\t\t\t\t<\/div>\n\t\t\t\t<div class=\"elementor-element elementor-element-2d6d278 exad-sticky-section-no exad-glass-effect-no elementor-widget elementor-widget-text-editor\" data-id=\"2d6d278\" data-element_type=\"widget\" data-widget_type=\"text-editor.default\">\n\t\t\t\t<div class=\"elementor-widget-container\">\n\t\t\t\t\t\t\t<p><b>Em 4 anos de hist\u00f3ria, j\u00e1 transformamos a vida de mais de 150 mil clientes. O pr\u00f3ximo tem que ser voc\u00ea!<\/b><\/p>\t\t\t\t\t\t<\/div>\n\t\t\t\t<\/div>\n\t\t\t\t<div class=\"elementor-element elementor-element-c2587c6 elementor-align-left exad-sticky-section-no exad-glass-effect-no elementor-widget elementor-widget-button\" data-id=\"c2587c6\" data-element_type=\"widget\" data-widget_type=\"button.default\">\n\t\t\t\t<div class=\"elementor-widget-container\">\n\t\t\t\t\t<div class=\"elementor-button-wrapper\">\n\t\t\t<a class=\"elementor-button elementor-button-link elementor-size-sm\" href=\"#hero\">\n\t\t\t\t\t\t<span class=\"elementor-button-content-wrapper\">\n\t\t\t\t\t\t<span class=\"elementor-button-text\">QUERO FAZER PARTE<\/span>\n\t\t<\/span>\n\t\t\t\t\t<\/a>\n\t\t<\/div>\n\t\t\t\t<\/div>\n\t\t\t\t<\/div>\n\t\t\t\t\t<\/div>\n\t\t\t\t<\/div>\n\t\t\t\t\t<\/div>\n\t\t\t\t<\/div>\n\t\t\t\t\t<\/div>\n\t\t\t\t<\/div>\n\t\t<div class=\"elementor-element elementor-element-1032204 e-flex e-con-boxed e-con e-parent\" data-id=\"1032204\" data-element_type=\"container\" data-settings=\"{&quot;background_background&quot;:&quot;classic&quot;}\" data-core-v316-plus=\"true\">\n\t\t\t\t\t<div class=\"e-con-inner\">\n\t\t<div class=\"elementor-element elementor-element-8cd011e e-flex e-con-boxed e-con e-child\" data-id=\"8cd011e\" data-element_type=\"container\" data-settings=\"{&quot;background_background&quot;:&quot;gradient&quot;}\">\n\t\t\t\t\t<div class=\"e-con-inner\">\n\t\t\t\t<div class=\"elementor-element elementor-element-69946b5 exad-sticky-section-no exad-glass-effect-no elementor-widget elementor-widget-heading\" data-id=\"69946b5\" data-element_type=\"widget\" data-widget_type=\"heading.default\">\n\t\t\t\t<div class=\"elementor-widget-container\">\n\t\t\t<h2 class=\"elementor-heading-title elementor-size-default\">N\u00e3o perca, essa oferta termina em:<\/h2>\t\t<\/div>\n\t\t\t\t<\/div>\n\t\t\t\t<div class=\"elementor-element elementor-element-068b07d elementor-countdown--label-block exad-sticky-section-no exad-glass-effect-no elementor-widget elementor-widget-countdown\" data-id=\"068b07d\" data-element_type=\"widget\" data-widget_type=\"countdown.default\">\n\t\t\t\t<div class=\"elementor-widget-container\">\n\t\t\t<style>\/*! elementor-pro - v3.20.0 - 26-03-2024 *\/\n.elementor-widget-countdown .elementor-countdown-expire--message{display:none;padding:20px;text-align:center}.elementor-widget-countdown .elementor-countdown-wrapper{flex-direction:row}.elementor-widget-countdown .elementor-countdown-item{padding:20px 0;text-align:center;color:#fff}.elementor-widget-countdown .elementor-countdown-digits,.elementor-widget-countdown .elementor-countdown-label{line-height:1}.elementor-widget-countdown .elementor-countdown-digits{font-size:69px}.elementor-widget-countdown .elementor-countdown-label{font-size:19px}.elementor-widget-countdown.elementor-countdown--label-block .elementor-countdown-wrapper{display:flex;justify-content:center;margin-right:auto;margin-left:auto}.elementor-widget-countdown.elementor-countdown--label-block .elementor-countdown-digits,.elementor-widget-countdown.elementor-countdown--label-block .elementor-countdown-label{display:block}.elementor-widget-countdown.elementor-countdown--label-block .elementor-countdown-item{flex-basis:0;flex-grow:1}.elementor-widget-countdown.elementor-countdown--label-inline{text-align:center}.elementor-widget-countdown.elementor-countdown--label-inline .elementor-countdown-item{display:inline-block;padding-left:5px;padding-right:5px}<\/style>\t\t<div class=\"elementor-countdown-wrapper\" data-date=\"1742404080\">\n\t\t\t<div class=\"elementor-countdown-item\"><span class=\"elementor-countdown-digits elementor-countdown-days\"><\/span> <span class=\"elementor-countdown-label\">Dias<\/span><\/div><div class=\"elementor-countdown-item\"><span class=\"elementor-countdown-digits elementor-countdown-hours\"><\/span> <span class=\"elementor-countdown-label\">Horas<\/span><\/div><div class=\"elementor-countdown-item\"><span class=\"elementor-countdown-digits elementor-countdown-minutes\"><\/span> <span class=\"elementor-countdown-label\">Minutos<\/span><\/div><div class=\"elementor-countdown-item\"><span class=\"elementor-countdown-digits elementor-countdown-seconds\"><\/span> <span class=\"elementor-countdown-label\">Segundos<\/span><\/div>\t\t<\/div>\n\t\t\t\t<\/div>\n\t\t\t\t<\/div>\n\t\t\t\t\t<\/div>\n\t\t\t\t<\/div>\n\t\t\t\t\t<\/div>\n\t\t\t\t<\/div>\n\t\t<div class=\"elementor-element elementor-element-f043365 e-grid e-con-boxed e-con e-parent\" data-id=\"f043365\" data-element_type=\"container\" data-settings=\"{&quot;background_background&quot;:&quot;gradient&quot;}\" data-core-v316-plus=\"true\">\n\t\t\t\t\t<div class=\"e-con-inner\">\n\t\t<div class=\"elementor-element elementor-element-4c12fa4 e-flex e-con-boxed e-con e-child\" data-id=\"4c12fa4\" data-element_type=\"container\">\n\t\t\t\t\t<div class=\"e-con-inner\">\n\t\t\t\t<div class=\"elementor-element elementor-element-ee38e07 exad-sticky-section-no exad-glass-effect-no elementor-widget elementor-widget-heading\" data-id=\"ee38e07\" data-element_type=\"widget\" data-widget_type=\"heading.default\">\n\t\t\t\t<div class=\"elementor-widget-container\">\n\t\t\t<h1 class=\"elementor-heading-title elementor-size-default\">E quais produtos eu recebo?<\/h1>\t\t<\/div>\n\t\t\t\t<\/div>\n\t\t\t\t<div class=\"elementor-element elementor-element-7ae95bb exad-sticky-section-no exad-glass-effect-no elementor-widget elementor-widget-text-editor\" data-id=\"7ae95bb\" data-element_type=\"widget\" data-widget_type=\"text-editor.default\">\n\t\t\t\t<div class=\"elementor-widget-container\">\n\t\t\t\t\t\t\t<p>\u00c9 voc\u00ea quem escolhe! Voc\u00ea pode escolher entre quaisquer pe\u00e7as da Minimal Club, como camisetas, camisas sociais, polo, cal\u00e7a jeans, cal\u00e7a alfaitaria, cuecas, entre outros, incluindo novos lan\u00e7amentos que formos fazendo ao longo do ano!<\/p>\t\t\t\t\t\t<\/div>\n\t\t\t\t<\/div>\n\t\t\t\t<div class=\"elementor-element elementor-element-425ebd1 elementor-align-left exad-sticky-section-no exad-glass-effect-no elementor-widget elementor-widget-button\" data-id=\"425ebd1\" data-element_type=\"widget\" data-widget_type=\"button.default\">\n\t\t\t\t<div class=\"elementor-widget-container\">\n\t\t\t\t\t<div class=\"elementor-button-wrapper\">\n\t\t\t<a class=\"elementor-button elementor-button-link elementor-size-sm\" href=\"#hero\">\n\t\t\t\t\t\t<span class=\"elementor-button-content-wrapper\">\n\t\t\t\t\t\t<span class=\"elementor-button-text\">QUERO FAZER PARTE<\/span>\n\t\t<\/span>\n\t\t\t\t\t<\/a>\n\t\t<\/div>\n\t\t\t\t<\/div>\n\t\t\t\t<\/div>\n\t\t\t\t\t<\/div>\n\t\t\t\t<\/div>\n\t\t\t\t<div class=\"elementor-element elementor-element-9bf176e exad-sticky-section-no exad-glass-effect-no elementor-widget elementor-widget-image\" data-id=\"9bf176e\" data-element_type=\"widget\" data-widget_type=\"image.default\">\n\t\t\t\t<div class=\"elementor-widget-container\">\n\t\t\t\t\t\t\t\t\t\t\t\t\t<img loading=\"lazy\" decoding=\"async\" width=\"800\" height=\"679\" src=\"https:\/\/lp.minimalclub.com.br\/wp-content\/uploads\/2025\/03\/Adobe-Express-file-12.webp\" class=\"attachment-large size-large wp-image-17254\" alt=\"\" srcset=\"https:\/\/lp.minimalclub.com.br\/wp-content\/uploads\/2025\/03\/Adobe-Express-file-12.webp 900w, https:\/\/lp.minimalclub.com.br\/wp-content\/uploads\/2025\/03\/Adobe-Express-file-12-300x255.webp 300w, https:\/\/lp.minimalclub.com.br\/wp-content\/uploads\/2025\/03\/Adobe-Express-file-12-768x652.webp 768w\" sizes=\"(max-width: 800px) 100vw, 800px\" \/>\t\t\t\t\t\t\t\t\t\t\t\t\t<\/div>\n\t\t\t\t<\/div>\n\t\t\t\t\t<\/div>\n\t\t\t\t<\/div>\n\t\t<div class=\"elementor-element elementor-element-7d37b86 e-flex e-con-boxed e-con e-parent\" data-id=\"7d37b86\" data-element_type=\"container\" data-settings=\"{&quot;background_background&quot;:&quot;classic&quot;}\" data-core-v316-plus=\"true\">\n\t\t\t\t\t<div class=\"e-con-inner\">\n\t\t\t\t<div class=\"elementor-element elementor-element-82ac170 exad-sticky-section-no exad-glass-effect-no elementor-widget elementor-widget-heading\" data-id=\"82ac170\" data-element_type=\"widget\" data-widget_type=\"heading.default\">\n\t\t\t\t<div class=\"elementor-widget-container\">\n\t\t\t<h2 class=\"elementor-heading-title elementor-size-default\">\u00a9 2025, Minimal Club. CNPJ: 42.034.830\/0001-80 | Rua Jaguar\u00e3o 325 bairro Bonfim. Belo Horizonte \u2013 MG CEP: 31.210-240 | atendimento@minimalclub.com.br | Termos de Servi\u00e7o<\/h2>\t\t<\/div>\n\t\t\t\t<\/div>\n\t\t\t\t\t<\/div>\n\t\t\t\t<\/div>\n\t\t\t\t<\/div>\n\t\t","protected":false},"excerpt":{"rendered":"<p>OFERTA ESPECIAL DE ANIVERS\u00c1RIO MINIMAL CLUB Tenha acesso \u00e0 promo\u00e7\u00e3o \u00fanica e exclusiva do anivers\u00e1rio de 4 anos da Minimal O maior Clube de Assinatura de roupas da Am\u00e9rica Latina em uma oferta nunca antes vista! Receba produtos premium pelo melhor pre\u00e7o do site no conforto de sua casa e ainda garanta brindes e b\u00f4nus [&hellip;]<\/p>\n","protected":false},"author":11,"featured_media":0,"parent":0,"menu_order":0,"comment_status":"closed","ping_status":"closed","template":"elementor_canvas","meta":{"content-type":"","footnotes":""},"folder":[],"_links":{"self":[{"href":"https:\/\/lp.minimalclub.com.br\/index.php\/wp-json\/wp\/v2\/pages\/17236"}],"collection":[{"href":"https:\/\/lp.minimalclub.com.br\/index.php\/wp-json\/wp\/v2\/pages"}],"about":[{"href":"https:\/\/lp.minimalclub.com.br\/index.php\/wp-json\/wp\/v2\/types\/page"}],"author":[{"embeddable":true,"href":"https:\/\/lp.minimalclub.com.br\/index.php\/wp-json\/wp\/v2\/users\/11"}],"replies":[{"embeddable":true,"href":"https:\/\/lp.minimalclub.com.br\/index.php\/wp-json\/wp\/v2\/comments?post=17236"}],"version-history":[{"count":70,"href":"https:\/\/lp.minimalclub.com.br\/index.php\/wp-json\/wp\/v2\/pages\/17236\/revisions"}],"predecessor-version":[{"id":17649,"href":"https:\/\/lp.minimalclub.com.br\/index.php\/wp-json\/wp\/v2\/pages\/17236\/revisions\/17649"}],"wp:attachment":[{"href":"https:\/\/lp.minimalclub.com.br\/index.php\/wp-json\/wp\/v2\/media?parent=17236"}],"wp:term":[{"taxonomy":"folder","embeddable":true,"href":"https:\/\/lp.minimalclub.com.br\/index.php\/wp-json\/wp\/v2\/folder?post=17236"}],"curies":[{"name":"wp","href":"https:\/\/api.w.org\/{rel}","templated":true}]}}