{"id":16519,"date":"2024-11-27T02:15:36","date_gmt":"2024-11-26T23:15:36","guid":{"rendered":"https:\/\/lp.minimalclub.com.br\/?page_id=16519"},"modified":"2026-01-20T21:01:35","modified_gmt":"2026-01-20T18:01:35","slug":"numeros-oficiais","status":"publish","type":"page","link":"https:\/\/lp.minimalclub.com.br\/index.php\/numeros-oficiais\/","title":{"rendered":"N\u00daMEROS OFICIAIS"},"content":{"rendered":"\t\t<div data-elementor-type=\"wp-page\" data-elementor-id=\"16519\" class=\"elementor elementor-16519\" data-elementor-post-type=\"page\">\n\t\t\t\t<div class=\"elementor-element elementor-element-c092cf4 e-con-full e-flex e-con e-parent\" data-id=\"c092cf4\" data-element_type=\"container\" data-core-v316-plus=\"true\">\n\t\t<div class=\"elementor-element elementor-element-f658eca e-con-full e-flex e-con e-child\" data-id=\"f658eca\" data-element_type=\"container\" data-settings=\"{&quot;background_background&quot;:&quot;classic&quot;,&quot;sticky&quot;:&quot;top&quot;,&quot;sticky_on&quot;:[&quot;desktop&quot;,&quot;tablet&quot;,&quot;mobile&quot;],&quot;sticky_offset&quot;:0,&quot;sticky_effects_offset&quot;:0}\">\n\t\t<div class=\"elementor-element elementor-element-e0ee5ce e-con-full e-flex e-con e-child\" data-id=\"e0ee5ce\" data-element_type=\"container\">\n\t\t\t\t<div class=\"elementor-element elementor-element-4e2a30b exad-sticky-section-no exad-glass-effect-no elementor-widget elementor-widget-image\" data-id=\"4e2a30b\" data-element_type=\"widget\" data-widget_type=\"image.default\">\n\t\t\t\t<div class=\"elementor-widget-container\">\n\t\t\t<style>\/*! elementor - v3.20.0 - 26-03-2024 *\/\n.elementor-widget-image{text-align:center}.elementor-widget-image a{display:inline-block}.elementor-widget-image a img[src$=\".svg\"]{width:48px}.elementor-widget-image img{vertical-align:middle;display:inline-block}<\/style>\t\t\t\t\t\t\t\t\t\t\t<a href=\"https:\/\/minimalclub.com.br\">\n\t\t\t\t\t\t\t<img decoding=\"async\" width=\"337\" height=\"27\" src=\"https:\/\/lp.minimalclub.com.br\/wp-content\/uploads\/2024\/10\/Logo_Header.svg\" class=\"attachment-large size-large wp-image-15109\" alt=\"\" \/>\t\t\t\t\t\t\t\t<\/a>\n\t\t\t\t\t\t\t\t\t\t\t\t\t<\/div>\n\t\t\t\t<\/div>\n\t\t\t\t<div class=\"elementor-element elementor-element-c5cfcad elementor-hidden-desktop elementor-view-default exad-sticky-section-no exad-glass-effect-no elementor-widget elementor-widget-icon\" data-id=\"c5cfcad\" data-element_type=\"widget\" data-widget_type=\"icon.default\">\n\t\t\t\t<div class=\"elementor-widget-container\">\n\t\t\t\t\t<div class=\"elementor-icon-wrapper\">\n\t\t\t<div class=\"elementor-icon\">\n\t\t\t<i aria-hidden=\"true\" class=\"feather icon-menu\"><\/i>\t\t\t<\/div>\n\t\t<\/div>\n\t\t\t\t<\/div>\n\t\t\t\t<\/div>\n\t\t\t\t<\/div>\n\t\t\t\t<div class=\"elementor-element elementor-element-579215b exad-sticky-section-no exad-glass-effect-no elementor-widget elementor-widget-shopify_menu\" data-id=\"579215b\" data-element_type=\"widget\" data-widget_type=\"shopify_menu.default\">\n\t\t\t\t<div class=\"elementor-widget-container\">\n\t\t\t<div id='shopify-menu-items' class='shopify-menu-items'><a href='https:\/\/minimalclub.com.br\/products\/kit-4x-camisetas-masculinas'>Camiseta Minimal<\/a><a href='https:\/\/minimalclub.com.br\/collections\/all'>Todos os Produtos<\/a><a href='https:\/\/minimalclub.com.br\/collections\/kit-s-minimal'>KITS<\/a><a href='https:\/\/minimalclub.com.br\/pages\/leve-mais-e-economize-minimal'>Desconto Progressivo<\/a><a href='https:\/\/minimalclub.com.br\/collections\/outlet-aniversario-minimal'>Outlet<\/a><\/div>        <script>\n            document.addEventListener('DOMContentLoaded', function() {\n                const toggleButton = document.getElementById('shopify-menu-toggle');\n                const menuItems = document.getElementById('shopify-menu-items');\n\n                if (toggleButton && menuItems) {\n                    toggleButton.addEventListener('click', function() {\n                        menuItems.style.display = menuItems.style.display === 'flex' ? 'none' : 'flex';\n                    });\n                }\n            });\n        <\/script>\n        \t\t<\/div>\n\t\t\t\t<\/div>\n\t\t\t\t<\/div>\n\t\t\t\t<\/div>\n\t\t<div class=\"elementor-element elementor-element-67ecf30 e-flex e-con-boxed e-con e-parent\" data-id=\"67ecf30\" data-element_type=\"container\" data-core-v316-plus=\"true\">\n\t\t\t\t\t<div class=\"e-con-inner\">\n\t\t\t\t<div class=\"elementor-element elementor-element-6c56389 exad-sticky-section-no exad-glass-effect-no elementor-widget elementor-widget-heading\" data-id=\"6c56389\" data-element_type=\"widget\" data-widget_type=\"heading.default\">\n\t\t\t\t<div class=\"elementor-widget-container\">\n\t\t\t<style>\/*! elementor - v3.20.0 - 26-03-2024 *\/\n.elementor-heading-title{padding:0;margin:0;line-height:1}.elementor-widget-heading .elementor-heading-title[class*=elementor-size-]>a{color:inherit;font-size:inherit;line-height:inherit}.elementor-widget-heading .elementor-heading-title.elementor-size-small{font-size:15px}.elementor-widget-heading .elementor-heading-title.elementor-size-medium{font-size:19px}.elementor-widget-heading .elementor-heading-title.elementor-size-large{font-size:29px}.elementor-widget-heading .elementor-heading-title.elementor-size-xl{font-size:39px}.elementor-widget-heading .elementor-heading-title.elementor-size-xxl{font-size:59px}<\/style><h2 class=\"elementor-heading-title elementor-size-default\">Conhe\u00e7a os n\u00fameros oficiais de nossos vendedores<\/h2>\t\t<\/div>\n\t\t\t\t<\/div>\n\t\t\t\t<div class=\"elementor-element elementor-element-eae2331 exad-sticky-section-no exad-glass-effect-no elementor-widget elementor-widget-text-editor\" data-id=\"eae2331\" data-element_type=\"widget\" data-widget_type=\"text-editor.default\">\n\t\t\t\t<div class=\"elementor-widget-container\">\n\t\t\t<style>\/*! elementor - v3.20.0 - 26-03-2024 *\/\n.elementor-widget-text-editor.elementor-drop-cap-view-stacked .elementor-drop-cap{background-color:#69727d;color:#fff}.elementor-widget-text-editor.elementor-drop-cap-view-framed .elementor-drop-cap{color:#69727d;border:3px solid;background-color:transparent}.elementor-widget-text-editor:not(.elementor-drop-cap-view-default) .elementor-drop-cap{margin-top:8px}.elementor-widget-text-editor:not(.elementor-drop-cap-view-default) .elementor-drop-cap-letter{width:1em;height:1em}.elementor-widget-text-editor .elementor-drop-cap{float:left;text-align:center;line-height:1;font-size:50px}.elementor-widget-text-editor .elementor-drop-cap-letter{display:inline-block}<\/style>\t\t\t\t<p>Qualquer contato de vendedor que n\u00e3o seja algum desses n\u00fameros, entre em contato com<strong> +55 31 9739-1050<\/strong> para esclarecer.<\/p><p>\u00a0<\/p>\t\t\t\t\t\t<\/div>\n\t\t\t\t<\/div>\n\t\t\t\t\t<\/div>\n\t\t\t\t<\/div>\n\t\t<div class=\"elementor-element elementor-element-0aa2038 e-flex e-con-boxed e-con e-parent\" data-id=\"0aa2038\" data-element_type=\"container\" data-core-v316-plus=\"true\">\n\t\t\t\t\t<div class=\"e-con-inner\">\n\t\t<div class=\"elementor-element elementor-element-79e361b e-con-full e-flex e-con e-child\" data-id=\"79e361b\" data-element_type=\"container\">\n\t\t\t\t<div class=\"exad-link-anything-wrapper elementor-element elementor-element-a89d8db elementor-view-default exad-sticky-section-no exad-glass-effect-no elementor-widget elementor-widget-icon\" data-exad-element-link=\"{&quot;url&quot;:&quot;https:\\\/\\\/api.whatsapp.com\\\/send\\\/?phone=5531984293261&#038;text&#038;type=phone_number&#038;app_absent=0&quot;,&quot;is_external&quot;:&quot;&quot;,&quot;nofollow&quot;:&quot;&quot;,&quot;custom_attributes&quot;:&quot;&quot;}\" style=\"cursor: pointer\" data-id=\"a89d8db\" data-element_type=\"widget\" data-widget_type=\"icon.default\">\n\t\t\t\t<div class=\"elementor-widget-container\">\n\t\t\t\t\t<div class=\"elementor-icon-wrapper\">\n\t\t\t<div class=\"elementor-icon\">\n\t\t\t<i aria-hidden=\"true\" class=\"remixicon ri-whatsapp-fill\"><\/i>\t\t\t<\/div>\n\t\t<\/div>\n\t\t\t\t<\/div>\n\t\t\t\t<\/div>\n\t\t\t\t<\/div>\n\t\t<div class=\"elementor-element elementor-element-7ccb255 e-con-full e-flex e-con e-child\" data-id=\"7ccb255\" data-element_type=\"container\">\n\t\t\t\t<div class=\"elementor-element elementor-element-01b067a exad-sticky-section-no exad-glass-effect-no elementor-widget elementor-widget-heading\" data-id=\"01b067a\" data-element_type=\"widget\" data-widget_type=\"heading.default\">\n\t\t\t\t<div class=\"elementor-widget-container\">\n\t\t\t<h2 class=\"elementor-heading-title elementor-size-default\">Duda (consultor de vendas para empresas)<\/h2>\t\t<\/div>\n\t\t\t\t<\/div>\n\t\t\t\t<div class=\"elementor-element elementor-element-d4d2a75 elementor-widget__width-initial exad-sticky-section-no exad-glass-effect-no elementor-widget elementor-widget-text-editor\" data-id=\"d4d2a75\" data-element_type=\"widget\" data-widget_type=\"text-editor.default\">\n\t\t\t\t<div class=\"elementor-widget-container\">\n\t\t\t\t\t\t\t<p><span style=\"text-decoration: underline; color: #000000;\"><a style=\"color: #000000; text-decoration: underline;\" href=\"https:\/\/wa.me\/5531984293261\">\u00a0+55 31 7313-7233<\/a><\/span><\/p>\t\t\t\t\t\t<\/div>\n\t\t\t\t<\/div>\n\t\t\t\t<\/div>\n\t\t\t\t\t<\/div>\n\t\t\t\t<\/div>\n\t\t<div class=\"elementor-element elementor-element-c0e99cf e-flex e-con-boxed e-con e-parent\" data-id=\"c0e99cf\" data-element_type=\"container\" data-core-v316-plus=\"true\">\n\t\t\t\t\t<div class=\"e-con-inner\">\n\t\t<div class=\"elementor-element elementor-element-e42ceb2 e-con-full e-flex e-con e-child\" data-id=\"e42ceb2\" data-element_type=\"container\">\n\t\t\t\t<div class=\"exad-link-anything-wrapper elementor-element elementor-element-30635c2 elementor-view-default exad-sticky-section-no exad-glass-effect-no elementor-widget elementor-widget-icon\" data-exad-element-link=\"{&quot;url&quot;:&quot;https:\\\/\\\/api.whatsapp.com\\\/send\\\/?phone=5531983118030&#038;text&#038;type=phone_number&#038;app_absent=0&quot;,&quot;is_external&quot;:&quot;&quot;,&quot;nofollow&quot;:&quot;&quot;,&quot;custom_attributes&quot;:&quot;&quot;}\" style=\"cursor: pointer\" data-id=\"30635c2\" data-element_type=\"widget\" data-widget_type=\"icon.default\">\n\t\t\t\t<div class=\"elementor-widget-container\">\n\t\t\t\t\t<div class=\"elementor-icon-wrapper\">\n\t\t\t<div class=\"elementor-icon\">\n\t\t\t<i aria-hidden=\"true\" class=\"remixicon ri-whatsapp-fill\"><\/i>\t\t\t<\/div>\n\t\t<\/div>\n\t\t\t\t<\/div>\n\t\t\t\t<\/div>\n\t\t\t\t<\/div>\n\t\t<div class=\"elementor-element elementor-element-c270622 e-con-full e-flex e-con e-child\" data-id=\"c270622\" data-element_type=\"container\">\n\t\t\t\t<div class=\"elementor-element elementor-element-9c9c02d exad-sticky-section-no exad-glass-effect-no elementor-widget elementor-widget-heading\" data-id=\"9c9c02d\" data-element_type=\"widget\" data-widget_type=\"heading.default\">\n\t\t\t\t<div class=\"elementor-widget-container\">\n\t\t\t<h2 class=\"elementor-heading-title elementor-size-default\">Alice (consultor de vendas)<\/h2>\t\t<\/div>\n\t\t\t\t<\/div>\n\t\t\t\t<div class=\"elementor-element elementor-element-d9215d0 elementor-widget__width-initial exad-sticky-section-no exad-glass-effect-no elementor-widget elementor-widget-text-editor\" data-id=\"d9215d0\" data-element_type=\"widget\" data-widget_type=\"text-editor.default\">\n\t\t\t\t<div class=\"elementor-widget-container\">\n\t\t\t\t\t\t\t<p><u>+55 31 9638-0741<\/u><\/p>\t\t\t\t\t\t<\/div>\n\t\t\t\t<\/div>\n\t\t\t\t<\/div>\n\t\t\t\t\t<\/div>\n\t\t\t\t<\/div>\n\t\t<div class=\"elementor-element elementor-element-352a2d3 e-flex e-con-boxed e-con e-parent\" data-id=\"352a2d3\" data-element_type=\"container\" data-core-v316-plus=\"true\">\n\t\t\t\t\t<div class=\"e-con-inner\">\n\t\t<div class=\"elementor-element elementor-element-b95ce7d e-con-full e-flex e-con e-child\" data-id=\"b95ce7d\" data-element_type=\"container\">\n\t\t\t\t<div class=\"exad-link-anything-wrapper elementor-element elementor-element-b671007 elementor-view-default exad-sticky-section-no exad-glass-effect-no elementor-widget elementor-widget-icon\" data-exad-element-link=\"{&quot;url&quot;:&quot;https:\\\/\\\/api.whatsapp.com\\\/send\\\/?phone=5531982651775&#038;text&#038;type=phone_number&#038;app_absent=0&quot;,&quot;is_external&quot;:&quot;&quot;,&quot;nofollow&quot;:&quot;&quot;,&quot;custom_attributes&quot;:&quot;&quot;}\" style=\"cursor: pointer\" data-id=\"b671007\" data-element_type=\"widget\" data-widget_type=\"icon.default\">\n\t\t\t\t<div class=\"elementor-widget-container\">\n\t\t\t\t\t<div class=\"elementor-icon-wrapper\">\n\t\t\t<div class=\"elementor-icon\">\n\t\t\t<i aria-hidden=\"true\" class=\"remixicon ri-whatsapp-fill\"><\/i>\t\t\t<\/div>\n\t\t<\/div>\n\t\t\t\t<\/div>\n\t\t\t\t<\/div>\n\t\t\t\t<\/div>\n\t\t<div class=\"elementor-element elementor-element-161fe23 e-con-full e-flex e-con e-child\" data-id=\"161fe23\" data-element_type=\"container\">\n\t\t\t\t<div class=\"elementor-element elementor-element-79d91db exad-sticky-section-no exad-glass-effect-no elementor-widget elementor-widget-heading\" data-id=\"79d91db\" data-element_type=\"widget\" data-widget_type=\"heading.default\">\n\t\t\t\t<div class=\"elementor-widget-container\">\n\t\t\t<h2 class=\"elementor-heading-title elementor-size-default\">Victor (consultor de vendas)<\/h2>\t\t<\/div>\n\t\t\t\t<\/div>\n\t\t\t\t<div class=\"elementor-element elementor-element-fb04992 elementor-widget__width-initial exad-sticky-section-no exad-glass-effect-no elementor-widget elementor-widget-text-editor\" data-id=\"fb04992\" data-element_type=\"widget\" data-widget_type=\"text-editor.default\">\n\t\t\t\t<div class=\"elementor-widget-container\">\n\t\t\t\t\t\t\t<p><u>+55 31 9712-9231<\/u><\/p>\t\t\t\t\t\t<\/div>\n\t\t\t\t<\/div>\n\t\t\t\t<\/div>\n\t\t\t\t\t<\/div>\n\t\t\t\t<\/div>\n\t\t<div class=\"elementor-element elementor-element-7c1a368 e-flex e-con-boxed e-con e-parent\" data-id=\"7c1a368\" data-element_type=\"container\" data-core-v316-plus=\"true\">\n\t\t\t\t\t<div class=\"e-con-inner\">\n\t\t<div class=\"elementor-element elementor-element-5483844 e-con-full e-flex e-con e-child\" data-id=\"5483844\" data-element_type=\"container\">\n\t\t\t\t<div class=\"exad-link-anything-wrapper elementor-element elementor-element-8a33ad4 elementor-view-default exad-sticky-section-no exad-glass-effect-no elementor-widget elementor-widget-icon\" data-exad-element-link=\"{&quot;url&quot;:&quot;https:\\\/\\\/api.whatsapp.com\\\/send\\\/?phone=5531991890402&#038;text&#038;type=phone_number&#038;app_absent=0&quot;,&quot;is_external&quot;:&quot;&quot;,&quot;nofollow&quot;:&quot;&quot;,&quot;custom_attributes&quot;:&quot;&quot;}\" style=\"cursor: pointer\" data-id=\"8a33ad4\" data-element_type=\"widget\" data-widget_type=\"icon.default\">\n\t\t\t\t<div class=\"elementor-widget-container\">\n\t\t\t\t\t<div class=\"elementor-icon-wrapper\">\n\t\t\t<div class=\"elementor-icon\">\n\t\t\t<i aria-hidden=\"true\" class=\"remixicon ri-whatsapp-fill\"><\/i>\t\t\t<\/div>\n\t\t<\/div>\n\t\t\t\t<\/div>\n\t\t\t\t<\/div>\n\t\t\t\t<\/div>\n\t\t<div class=\"elementor-element elementor-element-f084445 e-con-full e-flex e-con e-child\" data-id=\"f084445\" data-element_type=\"container\">\n\t\t\t\t<div class=\"elementor-element elementor-element-21bfcab exad-sticky-section-no exad-glass-effect-no elementor-widget elementor-widget-heading\" data-id=\"21bfcab\" data-element_type=\"widget\" data-widget_type=\"heading.default\">\n\t\t\t\t<div class=\"elementor-widget-container\">\n\t\t\t<h2 class=\"elementor-heading-title elementor-size-default\">Guilherme (consultora de vendas)<\/h2>\t\t<\/div>\n\t\t\t\t<\/div>\n\t\t\t\t<div class=\"elementor-element elementor-element-cd10dc3 elementor-widget__width-initial exad-sticky-section-no exad-glass-effect-no elementor-widget elementor-widget-text-editor\" data-id=\"cd10dc3\" data-element_type=\"widget\" data-widget_type=\"text-editor.default\">\n\t\t\t\t<div class=\"elementor-widget-container\">\n\t\t\t\t\t\t\t<p><u>+55 31 9341-7827<\/u><\/p>\t\t\t\t\t\t<\/div>\n\t\t\t\t<\/div>\n\t\t\t\t<\/div>\n\t\t\t\t\t<\/div>\n\t\t\t\t<\/div>\n\t\t<div class=\"elementor-element elementor-element-dff9511 e-flex e-con-boxed e-con e-parent\" data-id=\"dff9511\" data-element_type=\"container\" data-core-v316-plus=\"true\">\n\t\t\t\t\t<div class=\"e-con-inner\">\n\t\t<div class=\"elementor-element elementor-element-747bad0 e-con-full e-flex e-con e-child\" data-id=\"747bad0\" data-element_type=\"container\">\n\t\t\t\t<div class=\"exad-link-anything-wrapper elementor-element elementor-element-a599a01 elementor-view-default exad-sticky-section-no exad-glass-effect-no elementor-widget elementor-widget-icon\" data-exad-element-link=\"{&quot;url&quot;:&quot;https:\\\/\\\/api.whatsapp.com\\\/send\\\/?phone=5531992199408&#038;text&#038;type=phone_number&#038;app_absent=0&quot;,&quot;is_external&quot;:&quot;&quot;,&quot;nofollow&quot;:&quot;&quot;,&quot;custom_attributes&quot;:&quot;&quot;}\" style=\"cursor: pointer\" data-id=\"a599a01\" data-element_type=\"widget\" data-widget_type=\"icon.default\">\n\t\t\t\t<div class=\"elementor-widget-container\">\n\t\t\t\t\t<div class=\"elementor-icon-wrapper\">\n\t\t\t<div class=\"elementor-icon\">\n\t\t\t<i aria-hidden=\"true\" class=\"remixicon ri-whatsapp-fill\"><\/i>\t\t\t<\/div>\n\t\t<\/div>\n\t\t\t\t<\/div>\n\t\t\t\t<\/div>\n\t\t\t\t<\/div>\n\t\t<div class=\"elementor-element elementor-element-4e8f813 e-con-full e-flex e-con e-child\" data-id=\"4e8f813\" data-element_type=\"container\">\n\t\t\t\t<div class=\"elementor-element elementor-element-7cfc272 exad-sticky-section-no exad-glass-effect-no elementor-widget elementor-widget-heading\" data-id=\"7cfc272\" data-element_type=\"widget\" data-widget_type=\"heading.default\">\n\t\t\t\t<div class=\"elementor-widget-container\">\n\t\t\t<h2 class=\"elementor-heading-title elementor-size-default\">Fred (consultor de vendas)<\/h2>\t\t<\/div>\n\t\t\t\t<\/div>\n\t\t\t\t<div class=\"elementor-element elementor-element-276d011 elementor-widget__width-initial exad-sticky-section-no exad-glass-effect-no elementor-widget elementor-widget-text-editor\" data-id=\"276d011\" data-element_type=\"widget\" data-widget_type=\"text-editor.default\">\n\t\t\t\t<div class=\"elementor-widget-container\">\n\t\t\t\t\t\t\t<p><u>+55 31 9189-0402<\/u><\/p>\t\t\t\t\t\t<\/div>\n\t\t\t\t<\/div>\n\t\t\t\t<\/div>\n\t\t\t\t\t<\/div>\n\t\t\t\t<\/div>\n\t\t<div class=\"elementor-element elementor-element-8d41ddc e-flex e-con-boxed e-con e-parent\" data-id=\"8d41ddc\" data-element_type=\"container\" data-core-v316-plus=\"true\">\n\t\t\t\t\t<div class=\"e-con-inner\">\n\t\t<div class=\"elementor-element elementor-element-3c77714 e-con-full e-flex e-con e-child\" data-id=\"3c77714\" data-element_type=\"container\">\n\t\t\t\t<div class=\"exad-link-anything-wrapper elementor-element elementor-element-68e39f2 elementor-view-default exad-sticky-section-no exad-glass-effect-no elementor-widget elementor-widget-icon\" data-exad-element-link=\"{&quot;url&quot;:&quot;https:\\\/\\\/api.whatsapp.com\\\/send\\\/?phone=5539171228023&#038;text&#038;type=phone_number&#038;app_absent=0&quot;,&quot;is_external&quot;:&quot;&quot;,&quot;nofollow&quot;:&quot;&quot;,&quot;custom_attributes&quot;:&quot;&quot;}\" style=\"cursor: pointer\" data-id=\"68e39f2\" data-element_type=\"widget\" data-widget_type=\"icon.default\">\n\t\t\t\t<div class=\"elementor-widget-container\">\n\t\t\t\t\t<div class=\"elementor-icon-wrapper\">\n\t\t\t<div class=\"elementor-icon\">\n\t\t\t<i aria-hidden=\"true\" class=\"remixicon ri-whatsapp-fill\"><\/i>\t\t\t<\/div>\n\t\t<\/div>\n\t\t\t\t<\/div>\n\t\t\t\t<\/div>\n\t\t\t\t<\/div>\n\t\t<div class=\"elementor-element elementor-element-837c7c6 e-con-full e-flex e-con e-child\" data-id=\"837c7c6\" data-element_type=\"container\">\n\t\t\t\t<div class=\"elementor-element elementor-element-0d787b8 exad-sticky-section-no exad-glass-effect-no elementor-widget elementor-widget-heading\" data-id=\"0d787b8\" data-element_type=\"widget\" data-widget_type=\"heading.default\">\n\t\t\t\t<div class=\"elementor-widget-container\">\n\t\t\t<h2 class=\"elementor-heading-title elementor-size-default\">Felipe (consultora de vendas)<\/h2>\t\t<\/div>\n\t\t\t\t<\/div>\n\t\t\t\t<div class=\"elementor-element elementor-element-4e56f46 elementor-widget__width-initial exad-sticky-section-no exad-glass-effect-no elementor-widget elementor-widget-text-editor\" data-id=\"4e56f46\" data-element_type=\"widget\" data-widget_type=\"text-editor.default\">\n\t\t\t\t<div class=\"elementor-widget-container\">\n\t\t\t\t\t\t\t<p><u>+55 31 7350-2165<\/u><\/p>\t\t\t\t\t\t<\/div>\n\t\t\t\t<\/div>\n\t\t\t\t<\/div>\n\t\t\t\t\t<\/div>\n\t\t\t\t<\/div>\n\t\t\t\t<\/div>\n\t\t","protected":false},"excerpt":{"rendered":"<p>Camiseta MinimalTodos os ProdutosKITSDesconto ProgressivoOutlet Conhe\u00e7a os n\u00fameros oficiais de nossos vendedores Qualquer contato de vendedor que n\u00e3o seja algum desses n\u00fameros, entre em contato com +55 31 9739-1050 para esclarecer. \u00a0 Duda (consultor de vendas para empresas) \u00a0+55 31 7313-7233 Alice (consultor de vendas) +55 31 9638-0741 Victor (consultor de vendas) +55 31 9712-9231 [&hellip;]<\/p>\n","protected":false},"author":1,"featured_media":0,"parent":0,"menu_order":0,"comment_status":"closed","ping_status":"closed","template":"","meta":{"content-type":"","footnotes":""},"folder":[39],"_links":{"self":[{"href":"https:\/\/lp.minimalclub.com.br\/index.php\/wp-json\/wp\/v2\/pages\/16519"}],"collection":[{"href":"https:\/\/lp.minimalclub.com.br\/index.php\/wp-json\/wp\/v2\/pages"}],"about":[{"href":"https:\/\/lp.minimalclub.com.br\/index.php\/wp-json\/wp\/v2\/types\/page"}],"author":[{"embeddable":true,"href":"https:\/\/lp.minimalclub.com.br\/index.php\/wp-json\/wp\/v2\/users\/1"}],"replies":[{"embeddable":true,"href":"https:\/\/lp.minimalclub.com.br\/index.php\/wp-json\/wp\/v2\/comments?post=16519"}],"version-history":[{"count":10,"href":"https:\/\/lp.minimalclub.com.br\/index.php\/wp-json\/wp\/v2\/pages\/16519\/revisions"}],"predecessor-version":[{"id":20349,"href":"https:\/\/lp.minimalclub.com.br\/index.php\/wp-json\/wp\/v2\/pages\/16519\/revisions\/20349"}],"wp:attachment":[{"href":"https:\/\/lp.minimalclub.com.br\/index.php\/wp-json\/wp\/v2\/media?parent=16519"}],"wp:term":[{"taxonomy":"folder","embeddable":true,"href":"https:\/\/lp.minimalclub.com.br\/index.php\/wp-json\/wp\/v2\/folder?post=16519"}],"curies":[{"name":"wp","href":"https:\/\/api.w.org\/{rel}","templated":true}]}}