{"id":14320,"date":"2024-09-14T00:26:54","date_gmt":"2024-09-13T21:26:54","guid":{"rendered":"https:\/\/lp.minimalclub.com.br\/?page_id=14320"},"modified":"2024-09-17T01:16:22","modified_gmt":"2024-09-16T22:16:22","slug":"mcare-pre-venda-kit-cuidado-facial-controle","status":"publish","type":"page","link":"https:\/\/lp.minimalclub.com.br\/index.php\/mcare-pre-venda-kit-cuidado-facial-controle\/","title":{"rendered":"[MCARE] Pr\u00e9 Venda &#8211; Kit Cuidado Facial &#8211; CONTROLE"},"content":{"rendered":"\t\t<div data-elementor-type=\"wp-page\" data-elementor-id=\"14320\" class=\"elementor elementor-14320\" data-elementor-post-type=\"page\">\n\t\t\t\t<div class=\"elementor-element elementor-element-22b230b5 top e-flex e-con-boxed e-con e-parent\" data-id=\"22b230b5\" data-element_type=\"container\" data-settings=\"{&quot;background_background&quot;:&quot;classic&quot;}\" data-core-v316-plus=\"true\">\n\t\t\t\t\t<div class=\"e-con-inner\">\n\t\t\t\t<div class=\"elementor-element elementor-element-4f4f2c1 elementor-widget__width-initial exad-sticky-section-no exad-glass-effect-no elementor-widget elementor-widget-image\" data-id=\"4f4f2c1\" data-element_type=\"widget\" data-widget_type=\"image.default\">\n\t\t\t\t<div class=\"elementor-widget-container\">\n\t\t\t<style>\/*! elementor - v3.20.0 - 26-03-2024 *\/\n.elementor-widget-image{text-align:center}.elementor-widget-image a{display:inline-block}.elementor-widget-image a img[src$=\".svg\"]{width:48px}.elementor-widget-image img{vertical-align:middle;display:inline-block}<\/style>\t\t\t\t\t\t\t\t\t\t<img fetchpriority=\"high\" decoding=\"async\" width=\"800\" height=\"72\" src=\"https:\/\/lp.minimalclub.com.br\/wp-content\/uploads\/2024\/08\/Ativo-1-2-1-1024x92.png\" class=\"attachment-large size-large wp-image-14153\" alt=\"\" srcset=\"https:\/\/lp.minimalclub.com.br\/wp-content\/uploads\/2024\/08\/Ativo-1-2-1-1024x92.png 1024w, https:\/\/lp.minimalclub.com.br\/wp-content\/uploads\/2024\/08\/Ativo-1-2-1-300x27.png 300w, https:\/\/lp.minimalclub.com.br\/wp-content\/uploads\/2024\/08\/Ativo-1-2-1-768x69.png 768w, https:\/\/lp.minimalclub.com.br\/wp-content\/uploads\/2024\/08\/Ativo-1-2-1-1536x139.png 1536w, https:\/\/lp.minimalclub.com.br\/wp-content\/uploads\/2024\/08\/Ativo-1-2-1-2048x185.png 2048w\" sizes=\"(max-width: 800px) 100vw, 800px\" \/>\t\t\t\t\t\t\t\t\t\t\t\t\t<\/div>\n\t\t\t\t<\/div>\n\t\t\t\t<div class=\"elementor-element elementor-element-458ad490 elementor-hidden-mobile exad-sticky-section-no exad-glass-effect-no elementor-widget elementor-widget-heading\" data-id=\"458ad490\" data-element_type=\"widget\" data-widget_type=\"heading.default\">\n\t\t\t\t<div class=\"elementor-widget-container\">\n\t\t\t<style>\/*! elementor - v3.20.0 - 26-03-2024 *\/\n.elementor-heading-title{padding:0;margin:0;line-height:1}.elementor-widget-heading .elementor-heading-title[class*=elementor-size-]>a{color:inherit;font-size:inherit;line-height:inherit}.elementor-widget-heading .elementor-heading-title.elementor-size-small{font-size:15px}.elementor-widget-heading .elementor-heading-title.elementor-size-medium{font-size:19px}.elementor-widget-heading .elementor-heading-title.elementor-size-large{font-size:29px}.elementor-widget-heading .elementor-heading-title.elementor-size-xl{font-size:39px}.elementor-widget-heading .elementor-heading-title.elementor-size-xxl{font-size:59px}<\/style><h2 class=\"elementor-heading-title elementor-size-default\"><b>Aten\u00e7\u00e3o!<\/b> As vagas est\u00e3o esgotando! <\/h2>\t\t<\/div>\n\t\t\t\t<\/div>\n\t\t\t\t<div class=\"elementor-element elementor-element-68d638b3 exad-sticky-section-no exad-glass-effect-no elementor-widget elementor-widget-progress\" data-id=\"68d638b3\" data-element_type=\"widget\" data-widget_type=\"progress.default\">\n\t\t\t\t<div class=\"elementor-widget-container\">\n\t\t\t<style>\/*! elementor - v3.20.0 - 26-03-2024 *\/\n.elementor-widget-progress{text-align:left}.elementor-progress-wrapper{position:relative;background-color:#eee;color:#fff;height:100%;border-radius:2px}.elementor-progress-bar{display:flex;background-color:#69727d;width:0;font-size:11px;height:30px;line-height:30px;border-radius:2px;transition:width 1s ease-in-out}.elementor-progress-text{flex-grow:1;white-space:nowrap;text-overflow:ellipsis;overflow:hidden;padding-left:15px}.elementor-progress-percentage{padding-right:15px}.elementor-widget-progress .elementor-progress-wrapper.progress-info .elementor-progress-bar{background-color:#5bc0de}.elementor-widget-progress .elementor-progress-wrapper.progress-success .elementor-progress-bar{background-color:#5cb85c}.elementor-widget-progress .elementor-progress-wrapper.progress-warning .elementor-progress-bar{background-color:#f0ad4e}.elementor-widget-progress .elementor-progress-wrapper.progress-danger .elementor-progress-bar{background-color:#d9534f}.elementor-progress .elementor-title{display:block}@media (max-width:767px){.elementor-progress-text{padding-left:10px}}.e-con-inner .elementor-progress-wrapper,.e-con .elementor-progress-wrapper{height:auto}<\/style>\n\t\t<div class=\"elementor-progress-wrapper\" role=\"progressbar\" aria-valuemin=\"0\" aria-valuemax=\"100\" aria-valuenow=\"87\" aria-valuetext=\"87% (&lt;center&gt;&lt;b&gt;87%&lt;\/b&gt; dos nossos grupos j\u00e1 est\u00e3o cheios! Corra!&lt;\/center&gt;)\">\n\t\t\t<div class=\"elementor-progress-bar\" data-max=\"87\">\n\t\t\t\t<span class=\"elementor-progress-text\"><center><b>87%<\/b> dos nossos grupos j\u00e1 est\u00e3o cheios! Corra!<\/center><\/span>\n\t\t\t\t\t\t\t<\/div>\n\t\t<\/div>\n\t\t\t\t<\/div>\n\t\t\t\t<\/div>\n\t\t\t\t\t<\/div>\n\t\t\t\t<\/div>\n\t\t<div class=\"elementor-element elementor-element-178d2a8 e-flex e-con-boxed e-con e-parent\" data-id=\"178d2a8\" data-element_type=\"container\" data-settings=\"{&quot;background_background&quot;:&quot;classic&quot;}\" data-e-bg-lazyload=\"\" data-core-v316-plus=\"true\">\n\t\t\t\t\t<div class=\"e-con-inner\">\n\t\t\t\t<div class=\"exad-link-anything-wrapper elementor-element elementor-element-81736eb elementor-mobile-align-center exad-sticky-section-no exad-glass-effect-no elementor-widget elementor-widget-button\" data-exad-element-link=\"{&quot;url&quot;:&quot;https:\\\/\\\/lp.minimalclub.com.br\\\/index.php\\\/mcare-obrigado-controle&quot;,&quot;is_external&quot;:&quot;&quot;,&quot;nofollow&quot;:&quot;&quot;,&quot;custom_attributes&quot;:&quot;&quot;}\" style=\"cursor: pointer\" data-id=\"81736eb\" data-element_type=\"widget\" data-widget_type=\"button.default\">\n\t\t\t\t<div class=\"elementor-widget-container\">\n\t\t\t\t\t<div class=\"elementor-button-wrapper\">\n\t\t\t<a class=\"elementor-button elementor-size-sm\" role=\"button\">\n\t\t\t\t\t\t<span class=\"elementor-button-content-wrapper\">\n\t\t\t\t\t\t<span class=\"elementor-button-text\">ENTRAR NO GRUPO VIP<\/span>\n\t\t<\/span>\n\t\t\t\t\t<\/a>\n\t\t<\/div>\n\t\t\t\t<\/div>\n\t\t\t\t<\/div>\n\t\t\t\t\t<\/div>\n\t\t\t\t<\/div>\n\t\t<div class=\"elementor-element elementor-element-9a9eb1f e-flex e-con-boxed e-con e-parent\" data-id=\"9a9eb1f\" data-element_type=\"container\" data-core-v316-plus=\"true\">\n\t\t\t\t\t<div class=\"e-con-inner\">\n\t\t<div class=\"elementor-element elementor-element-61c2ca4 e-con-full e-flex e-con e-child\" data-id=\"61c2ca4\" data-element_type=\"container\">\n\t\t\t\t<div class=\"elementor-element elementor-element-d34b504 exad-sticky-section-no exad-glass-effect-no elementor-widget elementor-widget-image\" data-id=\"d34b504\" data-element_type=\"widget\" data-widget_type=\"image.default\">\n\t\t\t\t<div class=\"elementor-widget-container\">\n\t\t\t\t\t\t\t\t\t\t\t\t\t<img decoding=\"async\" width=\"800\" height=\"534\" src=\"https:\/\/lp.minimalclub.com.br\/wp-content\/uploads\/2024\/09\/Minimal24Jul7593-1024x683.webp\" class=\"attachment-large size-large wp-image-14165\" alt=\"\" srcset=\"https:\/\/lp.minimalclub.com.br\/wp-content\/uploads\/2024\/09\/Minimal24Jul7593-1024x683.webp 1024w, https:\/\/lp.minimalclub.com.br\/wp-content\/uploads\/2024\/09\/Minimal24Jul7593-300x200.webp 300w, https:\/\/lp.minimalclub.com.br\/wp-content\/uploads\/2024\/09\/Minimal24Jul7593-768x512.webp 768w, https:\/\/lp.minimalclub.com.br\/wp-content\/uploads\/2024\/09\/Minimal24Jul7593-1536x1024.webp 1536w, https:\/\/lp.minimalclub.com.br\/wp-content\/uploads\/2024\/09\/Minimal24Jul7593-2048x1365.webp 2048w\" sizes=\"(max-width: 800px) 100vw, 800px\" \/>\t\t\t\t\t\t\t\t\t\t\t\t\t<\/div>\n\t\t\t\t<\/div>\n\t\t\t\t<\/div>\n\t\t<div class=\"elementor-element elementor-element-d9b1f64 e-con-full e-flex e-con e-child\" data-id=\"d9b1f64\" data-element_type=\"container\">\n\t\t\t\t<div class=\"elementor-element elementor-element-b693c45 exad-sticky-section-no exad-glass-effect-no elementor-widget elementor-widget-heading\" data-id=\"b693c45\" data-element_type=\"widget\" data-widget_type=\"heading.default\">\n\t\t\t\t<div class=\"elementor-widget-container\">\n\t\t\t<h2 class=\"elementor-heading-title elementor-size-default\">O nosso novo lan\u00e7amento<\/h2>\t\t<\/div>\n\t\t\t\t<\/div>\n\t\t\t\t<div class=\"elementor-element elementor-element-bf6422c exad-sticky-section-no exad-glass-effect-no elementor-widget elementor-widget-text-editor\" data-id=\"bf6422c\" data-element_type=\"widget\" data-widget_type=\"text-editor.default\">\n\t\t\t\t<div class=\"elementor-widget-container\">\n\t\t\t<style>\/*! elementor - v3.20.0 - 26-03-2024 *\/\n.elementor-widget-text-editor.elementor-drop-cap-view-stacked .elementor-drop-cap{background-color:#69727d;color:#fff}.elementor-widget-text-editor.elementor-drop-cap-view-framed .elementor-drop-cap{color:#69727d;border:3px solid;background-color:transparent}.elementor-widget-text-editor:not(.elementor-drop-cap-view-default) .elementor-drop-cap{margin-top:8px}.elementor-widget-text-editor:not(.elementor-drop-cap-view-default) .elementor-drop-cap-letter{width:1em;height:1em}.elementor-widget-text-editor .elementor-drop-cap{float:left;text-align:center;line-height:1;font-size:50px}.elementor-widget-text-editor .elementor-drop-cap-letter{display:inline-block}<\/style>\t\t\t\t<p>Atendendo a pedidos de milhares de clientes, o nosso kit foi desenvolvido para cuidar do seu principal cart\u00e3o de visitas: <strong>o seu rosto!<\/strong><\/p><p>Com apenas dois produtos, um Hidratante Facial e um Sabonete Facial, <b>voc\u00ea possui todos os nutrientes necess\u00e1rios para deixar sua pele mais jovem e mais bonita.<\/b><\/p>\t\t\t\t\t\t<\/div>\n\t\t\t\t<\/div>\n\t\t\t\t<div class=\"exad-link-anything-wrapper elementor-element elementor-element-04b3bbd elementor-mobile-align-center exad-sticky-section-no exad-glass-effect-no elementor-widget elementor-widget-button\" data-exad-element-link=\"{&quot;url&quot;:&quot;https:\\\/\\\/lp.minimalclub.com.br\\\/index.php\\\/mcare-obrigado-controle&quot;,&quot;is_external&quot;:&quot;&quot;,&quot;nofollow&quot;:&quot;&quot;,&quot;custom_attributes&quot;:&quot;&quot;}\" style=\"cursor: pointer\" data-id=\"04b3bbd\" data-element_type=\"widget\" data-widget_type=\"button.default\">\n\t\t\t\t<div class=\"elementor-widget-container\">\n\t\t\t\t\t<div class=\"elementor-button-wrapper\">\n\t\t\t<a class=\"elementor-button elementor-size-sm\" role=\"button\">\n\t\t\t\t\t\t<span class=\"elementor-button-content-wrapper\">\n\t\t\t\t\t\t<span class=\"elementor-button-text\">ENTRAR NO GRUPO VIP<\/span>\n\t\t<\/span>\n\t\t\t\t\t<\/a>\n\t\t<\/div>\n\t\t\t\t<\/div>\n\t\t\t\t<\/div>\n\t\t\t\t<\/div>\n\t\t\t\t\t<\/div>\n\t\t\t\t<\/div>\n\t\t\t\t<section class=\"elementor-section elementor-top-section elementor-element elementor-element-73f20d8 elementor-section-height-min-height elementor-section-boxed elementor-section-height-default elementor-section-items-middle exad-glass-effect-no exad-sticky-section-no\" data-id=\"73f20d8\" data-element_type=\"section\">\n\t\t\t\t\t\t<div class=\"elementor-container elementor-column-gap-default\">\n\t\t\t\t\t<div class=\"elementor-column elementor-col-100 elementor-top-column elementor-element elementor-element-57cacdc1 exad-glass-effect-no exad-sticky-section-no\" data-id=\"57cacdc1\" data-element_type=\"column\">\n\t\t\t<div class=\"elementor-widget-wrap elementor-element-populated\">\n\t\t\t\t\t\t<div class=\"elementor-element elementor-element-512c7cdc elementor-widget-mobile__width-initial exad-sticky-section-no exad-glass-effect-no elementor-widget elementor-widget-heading\" data-id=\"512c7cdc\" data-element_type=\"widget\" data-widget_type=\"heading.default\">\n\t\t\t\t<div class=\"elementor-widget-container\">\n\t\t\t<h2 class=\"elementor-heading-title elementor-size-default\">esta \u00e9 uma oportunidade \u00fanica!<\/h2>\t\t<\/div>\n\t\t\t\t<\/div>\n\t\t\t\t<div class=\"elementor-element elementor-element-741d6482 exad-sticky-section-no exad-glass-effect-no elementor-widget elementor-widget-heading\" data-id=\"741d6482\" data-element_type=\"widget\" data-widget_type=\"heading.default\">\n\t\t\t\t<div class=\"elementor-widget-container\">\n\t\t\t<h5 class=\"elementor-heading-title elementor-size-default\">Esta oferta acaba em:<\/h5>\t\t<\/div>\n\t\t\t\t<\/div>\n\t\t\t\t<div class=\"elementor-element elementor-element-6b88d7cb exad-sticky-section-no exad-glass-effect-no elementor-widget elementor-widget-heading\" data-id=\"6b88d7cb\" data-element_type=\"widget\" data-widget_type=\"heading.default\">\n\t\t\t\t<div class=\"elementor-widget-container\">\n\t\t\t<h4 class=\"elementor-heading-title elementor-size-default\">N\u00e3o vamos repetir uma oferta como essa, aproveite antes que seja tarde demais!<\/h4>\t\t<\/div>\n\t\t\t\t<\/div>\n\t\t\t\t<div class=\"elementor-element elementor-element-4bdb90f3 elementor-widget-mobile__width-initial elementor-countdown--label-block exad-sticky-section-no exad-glass-effect-no elementor-widget elementor-widget-countdown\" data-id=\"4bdb90f3\" data-element_type=\"widget\" data-widget_type=\"countdown.default\">\n\t\t\t\t<div class=\"elementor-widget-container\">\n\t\t\t<style>\/*! elementor-pro - v3.20.0 - 26-03-2024 *\/\n.elementor-widget-countdown .elementor-countdown-expire--message{display:none;padding:20px;text-align:center}.elementor-widget-countdown .elementor-countdown-wrapper{flex-direction:row}.elementor-widget-countdown .elementor-countdown-item{padding:20px 0;text-align:center;color:#fff}.elementor-widget-countdown .elementor-countdown-digits,.elementor-widget-countdown .elementor-countdown-label{line-height:1}.elementor-widget-countdown .elementor-countdown-digits{font-size:69px}.elementor-widget-countdown .elementor-countdown-label{font-size:19px}.elementor-widget-countdown.elementor-countdown--label-block .elementor-countdown-wrapper{display:flex;justify-content:center;margin-right:auto;margin-left:auto}.elementor-widget-countdown.elementor-countdown--label-block .elementor-countdown-digits,.elementor-widget-countdown.elementor-countdown--label-block .elementor-countdown-label{display:block}.elementor-widget-countdown.elementor-countdown--label-block .elementor-countdown-item{flex-basis:0;flex-grow:1}.elementor-widget-countdown.elementor-countdown--label-inline{text-align:center}.elementor-widget-countdown.elementor-countdown--label-inline .elementor-countdown-item{display:inline-block;padding-left:5px;padding-right:5px}<\/style>\t\t<div data-evergreen-interval=\"176400\" class=\"elementor-countdown-wrapper\" data-date=\"\">\n\t\t\t<div class=\"elementor-countdown-item\"><span class=\"elementor-countdown-digits elementor-countdown-days\"><\/span> <span class=\"elementor-countdown-label\">Dias<\/span><\/div><div class=\"elementor-countdown-item\"><span class=\"elementor-countdown-digits elementor-countdown-hours\"><\/span> <span class=\"elementor-countdown-label\">Horas<\/span><\/div><div class=\"elementor-countdown-item\"><span class=\"elementor-countdown-digits elementor-countdown-minutes\"><\/span> <span class=\"elementor-countdown-label\">Minutos<\/span><\/div><div class=\"elementor-countdown-item\"><span class=\"elementor-countdown-digits elementor-countdown-seconds\"><\/span> <span class=\"elementor-countdown-label\">Segundos<\/span><\/div>\t\t<\/div>\n\t\t\t\t<\/div>\n\t\t\t\t<\/div>\n\t\t\t\t<div class=\"exad-link-anything-wrapper elementor-element elementor-element-2a02551 elementor-align-center exad-sticky-section-no exad-glass-effect-no elementor-widget elementor-widget-button\" data-exad-element-link=\"{&quot;url&quot;:&quot;https:\\\/\\\/lp.minimalclub.com.br\\\/index.php\\\/mcare-obrigado-controle&quot;,&quot;is_external&quot;:&quot;&quot;,&quot;nofollow&quot;:&quot;&quot;,&quot;custom_attributes&quot;:&quot;&quot;}\" style=\"cursor: pointer\" data-id=\"2a02551\" data-element_type=\"widget\" data-widget_type=\"button.default\">\n\t\t\t\t<div class=\"elementor-widget-container\">\n\t\t\t\t\t<div class=\"elementor-button-wrapper\">\n\t\t\t<a class=\"elementor-button elementor-size-md\" role=\"button\">\n\t\t\t\t\t\t<span class=\"elementor-button-content-wrapper\">\n\t\t\t\t\t\t<span class=\"elementor-button-text\">GARANTIR DESCONTO<\/span>\n\t\t<\/span>\n\t\t\t\t\t<\/a>\n\t\t<\/div>\n\t\t\t\t<\/div>\n\t\t\t\t<\/div>\n\t\t\t\t\t<\/div>\n\t\t<\/div>\n\t\t\t\t\t<\/div>\n\t\t<\/section>\n\t\t\t\t<section class=\"elementor-section elementor-top-section elementor-element elementor-element-28c85612 elementor-section-height-min-height elementor-section-boxed elementor-section-height-default elementor-section-items-middle exad-glass-effect-no exad-sticky-section-no\" data-id=\"28c85612\" data-element_type=\"section\" id=\"form\" data-settings=\"{&quot;background_background&quot;:&quot;classic&quot;}\">\n\t\t\t\t\t\t<div class=\"elementor-container elementor-column-gap-default\">\n\t\t\t\t\t<div class=\"elementor-column elementor-col-100 elementor-top-column elementor-element elementor-element-1fc7da3 exad-glass-effect-no exad-sticky-section-no\" data-id=\"1fc7da3\" data-element_type=\"column\">\n\t\t\t<div class=\"elementor-widget-wrap elementor-element-populated\">\n\t\t\t\t\t\t<section class=\"elementor-section elementor-inner-section elementor-element elementor-element-5e581382 elementor-section-content-space-between elementor-section-boxed elementor-section-height-default elementor-section-height-default exad-glass-effect-no exad-sticky-section-no\" data-id=\"5e581382\" data-element_type=\"section\">\n\t\t\t\t\t\t<div class=\"elementor-container elementor-column-gap-no\">\n\t\t\t\t\t<div class=\"elementor-column elementor-col-50 elementor-inner-column elementor-element elementor-element-481d329e exad-glass-effect-no exad-sticky-section-no\" data-id=\"481d329e\" data-element_type=\"column\" data-settings=\"{&quot;background_background&quot;:&quot;classic&quot;}\" data-e-bg-lazyload=\".elementor-element-populated\">\n\t\t\t<div class=\"elementor-widget-wrap elementor-element-populated\">\n\t\t\t\t\t\t<div class=\"elementor-element elementor-element-1395f7c2 exad-sticky-section-no exad-glass-effect-no elementor-widget elementor-widget-spacer\" data-id=\"1395f7c2\" data-element_type=\"widget\" data-widget_type=\"spacer.default\">\n\t\t\t\t<div class=\"elementor-widget-container\">\n\t\t\t<style>\/*! elementor - v3.20.0 - 26-03-2024 *\/\n.elementor-column .elementor-spacer-inner{height:var(--spacer-size)}.e-con{--container-widget-width:100%}.e-con-inner>.elementor-widget-spacer,.e-con>.elementor-widget-spacer{width:var(--container-widget-width,var(--spacer-size));--align-self:var(--container-widget-align-self,initial);--flex-shrink:0}.e-con-inner>.elementor-widget-spacer>.elementor-widget-container,.e-con>.elementor-widget-spacer>.elementor-widget-container{height:100%;width:100%}.e-con-inner>.elementor-widget-spacer>.elementor-widget-container>.elementor-spacer,.e-con>.elementor-widget-spacer>.elementor-widget-container>.elementor-spacer{height:100%}.e-con-inner>.elementor-widget-spacer>.elementor-widget-container>.elementor-spacer>.elementor-spacer-inner,.e-con>.elementor-widget-spacer>.elementor-widget-container>.elementor-spacer>.elementor-spacer-inner{height:var(--container-widget-height,var(--spacer-size))}.e-con-inner>.elementor-widget-spacer.elementor-widget-empty,.e-con>.elementor-widget-spacer.elementor-widget-empty{position:relative;min-height:22px;min-width:22px}.e-con-inner>.elementor-widget-spacer.elementor-widget-empty .elementor-widget-empty-icon,.e-con>.elementor-widget-spacer.elementor-widget-empty .elementor-widget-empty-icon{position:absolute;top:0;bottom:0;left:0;right:0;margin:auto;padding:0;width:22px;height:22px}<\/style>\t\t<div class=\"elementor-spacer\">\n\t\t\t<div class=\"elementor-spacer-inner\"><\/div>\n\t\t<\/div>\n\t\t\t\t<\/div>\n\t\t\t\t<\/div>\n\t\t\t\t\t<\/div>\n\t\t<\/div>\n\t\t\t\t<div class=\"elementor-column elementor-col-50 elementor-inner-column elementor-element elementor-element-55c7b3d8 exad-glass-effect-no exad-sticky-section-no\" data-id=\"55c7b3d8\" data-element_type=\"column\" data-settings=\"{&quot;background_background&quot;:&quot;classic&quot;}\" data-e-bg-lazyload=\".elementor-element-populated\">\n\t\t\t<div class=\"elementor-widget-wrap elementor-element-populated\">\n\t\t\t\t\t\t<div class=\"elementor-element elementor-element-23f61e50 exad-sticky-section-no exad-glass-effect-no elementor-widget elementor-widget-spacer\" data-id=\"23f61e50\" data-element_type=\"widget\" data-widget_type=\"spacer.default\">\n\t\t\t\t<div class=\"elementor-widget-container\">\n\t\t\t\t\t<div class=\"elementor-spacer\">\n\t\t\t<div class=\"elementor-spacer-inner\"><\/div>\n\t\t<\/div>\n\t\t\t\t<\/div>\n\t\t\t\t<\/div>\n\t\t\t\t\t<\/div>\n\t\t<\/div>\n\t\t\t\t\t<\/div>\n\t\t<\/section>\n\t\t\t\t<div class=\"elementor-element elementor-element-52c274c exad-sticky-section-no exad-glass-effect-no elementor-widget elementor-widget-text-editor\" data-id=\"52c274c\" data-element_type=\"widget\" data-widget_type=\"text-editor.default\">\n\t\t\t\t<div class=\"elementor-widget-container\">\n\t\t\t\t\t\t\t<p><span style=\"color: #828282;\">\u00a9 2023, Minimal Club. CNPJ: 42.034.830\/0001-80 | Rua Jaguar\u00e3o 325 bairro Bonfim. Belo Horizonte &#8211; MG CEP: 31.210-240 | atendimento@minimalclub.com.br | <a style=\"text-decoration: underline; color: #828282;\" href=\"https:\/\/minimalclub.com.br\/policies\/terms-of-service\" target=\"_blank\" rel=\"noopener\">Termos de Servi\u00e7o<\/a><\/span><\/p>\t\t\t\t\t\t<\/div>\n\t\t\t\t<\/div>\n\t\t\t\t\t<\/div>\n\t\t<\/div>\n\t\t\t\t\t<\/div>\n\t\t<\/section>\n\t\t\t\t<\/div>\n\t\t","protected":false},"excerpt":{"rendered":"<p>Aten\u00e7\u00e3o! As vagas est\u00e3o esgotando! 87% dos nossos grupos j\u00e1 est\u00e3o cheios! Corra! ENTRAR NO GRUPO VIP O nosso novo lan\u00e7amento Atendendo a pedidos de milhares de clientes, o nosso kit foi desenvolvido para cuidar do seu principal cart\u00e3o de visitas: o seu rosto! Com apenas dois produtos, um Hidratante Facial e um Sabonete Facial, [&hellip;]<\/p>\n","protected":false},"author":8,"featured_media":0,"parent":0,"menu_order":0,"comment_status":"closed","ping_status":"closed","template":"","meta":{"content-type":"","footnotes":""},"folder":[22],"_links":{"self":[{"href":"https:\/\/lp.minimalclub.com.br\/index.php\/wp-json\/wp\/v2\/pages\/14320"}],"collection":[{"href":"https:\/\/lp.minimalclub.com.br\/index.php\/wp-json\/wp\/v2\/pages"}],"about":[{"href":"https:\/\/lp.minimalclub.com.br\/index.php\/wp-json\/wp\/v2\/types\/page"}],"author":[{"embeddable":true,"href":"https:\/\/lp.minimalclub.com.br\/index.php\/wp-json\/wp\/v2\/users\/8"}],"replies":[{"embeddable":true,"href":"https:\/\/lp.minimalclub.com.br\/index.php\/wp-json\/wp\/v2\/comments?post=14320"}],"version-history":[{"count":12,"href":"https:\/\/lp.minimalclub.com.br\/index.php\/wp-json\/wp\/v2\/pages\/14320\/revisions"}],"predecessor-version":[{"id":14350,"href":"https:\/\/lp.minimalclub.com.br\/index.php\/wp-json\/wp\/v2\/pages\/14320\/revisions\/14350"}],"wp:attachment":[{"href":"https:\/\/lp.minimalclub.com.br\/index.php\/wp-json\/wp\/v2\/media?parent=14320"}],"wp:term":[{"taxonomy":"folder","embeddable":true,"href":"https:\/\/lp.minimalclub.com.br\/index.php\/wp-json\/wp\/v2\/folder?post=14320"}],"curies":[{"name":"wp","href":"https:\/\/api.w.org\/{rel}","templated":true}]}}