{"id":12377,"date":"2024-06-07T01:53:47","date_gmt":"2024-06-06T22:53:47","guid":{"rendered":"https:\/\/lp.minimalclub.com.br\/?page_id=12377"},"modified":"2025-01-20T21:01:09","modified_gmt":"2025-01-20T18:01:09","slug":"seja-um-influenciador-minimal","status":"publish","type":"page","link":"https:\/\/lp.minimalclub.com.br\/index.php\/seja-um-influenciador-minimal\/","title":{"rendered":"Seja um influenciador Minimal"},"content":{"rendered":"\t\t<div data-elementor-type=\"wp-page\" data-elementor-id=\"12377\" class=\"elementor elementor-12377\" data-elementor-post-type=\"page\">\n\t\t\t\t<div class=\"elementor-element elementor-element-6d13208 e-flex e-con-boxed e-con e-parent\" data-id=\"6d13208\" data-element_type=\"container\" data-core-v316-plus=\"true\">\n\t\t\t\t\t<div class=\"e-con-inner\">\n\t\t\t\t<div class=\"elementor-element elementor-element-c843c49 exad-sticky-section-no exad-glass-effect-no elementor-widget elementor-widget-image\" data-id=\"c843c49\" data-element_type=\"widget\" data-widget_type=\"image.default\">\n\t\t\t\t<div class=\"elementor-widget-container\">\n\t\t\t<style>\/*! elementor - v3.20.0 - 26-03-2024 *\/\n.elementor-widget-image{text-align:center}.elementor-widget-image a{display:inline-block}.elementor-widget-image a img[src$=\".svg\"]{width:48px}.elementor-widget-image img{vertical-align:middle;display:inline-block}<\/style>\t\t\t\t\t\t\t\t\t\t<img fetchpriority=\"high\" decoding=\"async\" width=\"800\" height=\"228\" src=\"https:\/\/lp.minimalclub.com.br\/wp-content\/uploads\/2023\/07\/Assinatura_Completa_MinimalClub_White_PNG-1024x292.png\" class=\"attachment-large size-large wp-image-3548\" alt=\"\" srcset=\"https:\/\/lp.minimalclub.com.br\/wp-content\/uploads\/2023\/07\/Assinatura_Completa_MinimalClub_White_PNG-1024x292.png 1024w, https:\/\/lp.minimalclub.com.br\/wp-content\/uploads\/2023\/07\/Assinatura_Completa_MinimalClub_White_PNG-300x86.png 300w, https:\/\/lp.minimalclub.com.br\/wp-content\/uploads\/2023\/07\/Assinatura_Completa_MinimalClub_White_PNG-768x219.png 768w, https:\/\/lp.minimalclub.com.br\/wp-content\/uploads\/2023\/07\/Assinatura_Completa_MinimalClub_White_PNG-1536x439.png 1536w, https:\/\/lp.minimalclub.com.br\/wp-content\/uploads\/2023\/07\/Assinatura_Completa_MinimalClub_White_PNG-2048x585.png 2048w\" sizes=\"(max-width: 800px) 100vw, 800px\" \/>\t\t\t\t\t\t\t\t\t\t\t\t\t<\/div>\n\t\t\t\t<\/div>\n\t\t\t\t\t<\/div>\n\t\t\t\t<\/div>\n\t\t<div class=\"elementor-element elementor-element-fdcc575 e-flex e-con-boxed e-con e-parent\" data-id=\"fdcc575\" data-element_type=\"container\" data-core-v316-plus=\"true\">\n\t\t\t\t\t<div class=\"e-con-inner\">\n\t\t\t\t<div class=\"elementor-element elementor-element-9319dbb exad-sticky-section-no exad-glass-effect-no elementor-widget elementor-widget-text-editor\" data-id=\"9319dbb\" data-element_type=\"widget\" data-widget_type=\"text-editor.default\">\n\t\t\t\t<div class=\"elementor-widget-container\">\n\t\t\t<style>\/*! elementor - v3.20.0 - 26-03-2024 *\/\n.elementor-widget-text-editor.elementor-drop-cap-view-stacked .elementor-drop-cap{background-color:#69727d;color:#fff}.elementor-widget-text-editor.elementor-drop-cap-view-framed .elementor-drop-cap{color:#69727d;border:3px solid;background-color:transparent}.elementor-widget-text-editor:not(.elementor-drop-cap-view-default) .elementor-drop-cap{margin-top:8px}.elementor-widget-text-editor:not(.elementor-drop-cap-view-default) .elementor-drop-cap-letter{width:1em;height:1em}.elementor-widget-text-editor .elementor-drop-cap{float:left;text-align:center;line-height:1;font-size:50px}.elementor-widget-text-editor .elementor-drop-cap-letter{display:inline-block}<\/style>\t\t\t\t<p>Lorem ipsum dolor sit amet, consectetur adipiscing elit. Ut elit tellus, luctus nec ullamcorper mattis, pulvinar dapibus leo.<\/p>\t\t\t\t\t\t<\/div>\n\t\t\t\t<\/div>\n\t\t\t\t<div class=\"elementor-element elementor-element-741c534 exad-sticky-section-no exad-glass-effect-no elementor-widget elementor-widget-heading\" data-id=\"741c534\" data-element_type=\"widget\" data-widget_type=\"heading.default\">\n\t\t\t\t<div class=\"elementor-widget-container\">\n\t\t\t<style>\/*! elementor - v3.20.0 - 26-03-2024 *\/\n.elementor-heading-title{padding:0;margin:0;line-height:1}.elementor-widget-heading .elementor-heading-title[class*=elementor-size-]>a{color:inherit;font-size:inherit;line-height:inherit}.elementor-widget-heading .elementor-heading-title.elementor-size-small{font-size:15px}.elementor-widget-heading .elementor-heading-title.elementor-size-medium{font-size:19px}.elementor-widget-heading .elementor-heading-title.elementor-size-large{font-size:29px}.elementor-widget-heading .elementor-heading-title.elementor-size-xl{font-size:39px}.elementor-widget-heading .elementor-heading-title.elementor-size-xxl{font-size:59px}<\/style><h2 class=\"elementor-heading-title elementor-size-default\">Seja um Influenciador da Minimal Club\n\n<\/h2>\t\t<\/div>\n\t\t\t\t<\/div>\n\t\t\t\t<div class=\"elementor-element elementor-element-a80583b exad-sticky-section-no exad-glass-effect-no elementor-widget elementor-widget-text-editor\" data-id=\"a80583b\" data-element_type=\"widget\" data-widget_type=\"text-editor.default\">\n\t\t\t\t<div class=\"elementor-widget-container\">\n\t\t\t\t\t\t\t<p><\/p>\n<p>Voc\u00ea \u00e9 criador de conte\u00fado e se identifica com a Minimal Club? Vamos construir uma parceria juntos?<\/p>\n<p>Estamos sempre em busca de novos talentos para representar nossa marca. Por isso, esta \u00e9 a sua chance de fazer parte do nosso time! Se voc\u00ea \u00e9 um admirador e consumidor apaixonado pela Minimal, queremos t\u00ea-lo conosco!<\/p>\n<p><strong>Sobre a parceria:<\/strong> Junte-se ao nosso Instagram exclusivo para influenciadores e receba os produtos da Minimal Club em sua casa. Voc\u00ea poder\u00e1 compartilhar esses produtos com seus seguidores, utilizando seu pr\u00f3prio cupom de desconto. Al\u00e9m disso, todo m\u00eas lan\u00e7aremos novas campanhas repletas de bonifica\u00e7\u00f5es irresist\u00edveis, e voc\u00ea ter\u00e1 a oportunidade de participar!<\/p>\n<p><strong>Como funciona?<\/strong> Siga o Instagram @minimalinfluencers e nossa equipe analisar\u00e1 suas informa\u00e7\u00f5es.<\/p>\n<p>Entraremos em contato com os perfis que mais se alinham com a identidade e os valores da nossa marca.<\/p>\n<p>\u00c9 importante dizer que manter uma conduta exemplar e respeitosa \u00e9 primordial. Qualquer evid\u00eancia de comportamentos fraudulentos, preconceituosos, inapropriados ou ofensivos resultar\u00e1 na desvincula\u00e7\u00e3o com a marca.<\/p>\n<p>Se a parceria mencionada acima n\u00e3o se encaixa no que voc\u00ea procura, entre em contato com a gente atrav\u00e9s do e-mail: influenciadores@minimalclub.com.br. Estaremos \u00e0 disposi\u00e7\u00e3o para analisar novas propostas de parceria.<\/p>\t\t\t\t\t\t<\/div>\n\t\t\t\t<\/div>\n\t\t\t\t<div class=\"elementor-element elementor-element-d8eef3c elementor-align-center exad-sticky-section-no exad-glass-effect-no elementor-widget elementor-widget-button\" data-id=\"d8eef3c\" data-element_type=\"widget\" data-widget_type=\"button.default\">\n\t\t\t\t<div class=\"elementor-widget-container\">\n\t\t\t\t\t<div class=\"elementor-button-wrapper\">\n\t\t\t<a class=\"elementor-button elementor-button-link elementor-size-sm\" href=\"https:\/\/www.instagram.com\/minimalinfluencers\/?hl=en\">\n\t\t\t\t\t\t<span class=\"elementor-button-content-wrapper\">\n\t\t\t\t\t\t<span class=\"elementor-button-text\">SEGUIR INSTAGRAM<\/span>\n\t\t<\/span>\n\t\t\t\t\t<\/a>\n\t\t<\/div>\n\t\t\t\t<\/div>\n\t\t\t\t<\/div>\n\t\t\t\t\t<\/div>\n\t\t\t\t<\/div>\n\t\t\t\t<\/div>\n\t\t","protected":false},"excerpt":{"rendered":"<p>Lorem ipsum dolor sit amet, consectetur adipiscing elit. Ut elit tellus, luctus nec ullamcorper mattis, pulvinar dapibus leo. Seja um Influenciador da Minimal Club Voc\u00ea \u00e9 criador de conte\u00fado e se identifica com a Minimal Club? Vamos construir uma parceria juntos? Estamos sempre em busca de novos talentos para representar nossa marca. Por isso, esta [&hellip;]<\/p>\n","protected":false},"author":1,"featured_media":0,"parent":0,"menu_order":0,"comment_status":"closed","ping_status":"closed","template":"","meta":{"content-type":"","footnotes":""},"folder":[],"_links":{"self":[{"href":"https:\/\/lp.minimalclub.com.br\/index.php\/wp-json\/wp\/v2\/pages\/12377"}],"collection":[{"href":"https:\/\/lp.minimalclub.com.br\/index.php\/wp-json\/wp\/v2\/pages"}],"about":[{"href":"https:\/\/lp.minimalclub.com.br\/index.php\/wp-json\/wp\/v2\/types\/page"}],"author":[{"embeddable":true,"href":"https:\/\/lp.minimalclub.com.br\/index.php\/wp-json\/wp\/v2\/users\/1"}],"replies":[{"embeddable":true,"href":"https:\/\/lp.minimalclub.com.br\/index.php\/wp-json\/wp\/v2\/comments?post=12377"}],"version-history":[{"count":7,"href":"https:\/\/lp.minimalclub.com.br\/index.php\/wp-json\/wp\/v2\/pages\/12377\/revisions"}],"predecessor-version":[{"id":16630,"href":"https:\/\/lp.minimalclub.com.br\/index.php\/wp-json\/wp\/v2\/pages\/12377\/revisions\/16630"}],"wp:attachment":[{"href":"https:\/\/lp.minimalclub.com.br\/index.php\/wp-json\/wp\/v2\/media?parent=12377"}],"wp:term":[{"taxonomy":"folder","embeddable":true,"href":"https:\/\/lp.minimalclub.com.br\/index.php\/wp-json\/wp\/v2\/folder?post=12377"}],"curies":[{"name":"wp","href":"https:\/\/api.w.org\/{rel}","templated":true}]}}